{"id":5,"date":"2022-11-14T07:17:09","date_gmt":"2022-11-14T07:17:09","guid":{"rendered":"https:\/\/www.wisaustrategies.com\/?page_id=5"},"modified":"2022-11-25T04:38:32","modified_gmt":"2022-11-25T04:38:32","slug":"home","status":"publish","type":"page","link":"https:\/\/www.wisaustrategies.com\/fr_FR\/","title":{"rendered":"Accueil"},"content":{"rendered":"<div class=\"fw-bold text-uppercase font-josefin fs-20 ls-8\">BIENVENUE \u00c0<\/div>\n<h1 class=\"pb-3\">WISAU STRATEGIES SAS<\/h1>\n<p class=\"pb-md-4\">Je vous souhaite la bienvenue dans notre site web. Je vous invite \u00e0 le consulter r\u00e9guli\u00e8rement.<br \/>\nQuelle que soit la nature de vos pr\u00e9occupations, contactez-nous sans h\u00e9siter. Le cabinet <strong>WISAU STRATEGIES S.A.S. <\/strong>est outill\u00e9 pour r\u00e9pondre rapidement \u00e0 vos attentes en tenant compte des sp\u00e9cificit\u00e9s de vos secteurs respectifs d\u2019activit\u00e9s.<\/p>\n<p>Notre \u00e9quipe pluridisciplinaire souhaiterait vous faire b\u00e9n\u00e9ficier de son expertise technique et de sa longue et riche exp\u00e9rience manag\u00e9riale. Nous analyserons minutieusement vos besoins et vous conseillerons ad\u00e9quatement. A votre demande, nous vous accompagnerons dans la mise en ex\u00e9cution de nos recommandations avec, au besoin, un suivi personnalis\u00e9 de votre activit\u00e9. Votre satisfaction est notre souci.<\/p>\n<p>Engag\u00e9s dans la recherche du bien-\u00eatre humain \u00e0 travers une contribution efficace dans la r\u00e9solution des probl\u00e8mes de d\u00e9veloppement, nous intervenons pour la r\u00e9ussite d\u2019une client\u00e8le vari\u00e9e, compos\u00e9e notamment d\u2019institutions publiques ou priv\u00e9es, petites, moyennes ou grandes, en gestation ou d\u00e9j\u00e0 op\u00e9rationnelles. Ainsi, nous collaborons notamment avec des gouvernements centraux et provinciaux, des communaut\u00e9s, des organisations non gouvernementales multinationales ou locales, des institutions publiques ou priv\u00e9es sp\u00e9cialis\u00e9es, des banques et autres organismes de financement, des entreprises publiques ou priv\u00e9es\u2026 Notre porte vous est grandement ouverte.<\/p>\n<p>Notre Conseil d\u2019Administration et notre bureau ex\u00e9cutif permanent sont dispos\u00e9s \u00e0 mettre \u00e0 contribution le savoir-faire de nos consultants afin d\u2019apporter \u00e0 vos demandes des solutions appropri\u00e9es et sur mesure.<\/p>\n<p>Nos collaborateurs sont minutieusement s\u00e9lectionn\u00e9s et recrut\u00e9s parmi les professionnels ayant \u0153uvr\u00e9 avec succ\u00e8s dans divers secteurs de la vie socio-\u00e9conomique et disposant d\u2019expertises techniques certifi\u00e9es et d\u2019exp\u00e9riences pratiques en mati\u00e8re de gestion, de la bonne gouvernance et d\u2019\u00e9thique professionnelle.<\/p>\n<p>Nous souhaiterions vous compter bient\u00f4t parmi nos clients satisfaits.<\/p>\n<p><strong>Ignace MABANZA METI<\/strong><br \/>\nPr\u00e9sident du Conseil d\u2019Administration<\/p>\n","protected":false},"excerpt":{"rendered":"<div class=\"fw-bold text-uppercase font-josefin fs-20 ls-8\">BIENVENUE \u00c0<\/div>\n<h1 class=\"pb-3\">WISAU STRATEGIES SAS<\/h1>\n<p class=\"pb-md-4\">Je vous souhaite la bienvenue dans notre site web. Je vous invite \u00e0 le consulter r\u00e9guli\u00e8rement.<br \/>\nQuelle que soi&#8230;<\/p>\n","protected":false},"author":1,"featured_media":32,"parent":0,"menu_order":0,"comment_status":"closed","ping_status":"closed","template":"","meta":{"footnotes":""},"class_list":["post-5","page","type-page","status-publish","has-post-thumbnail","hentry"],"acf":[],"yoast_head":"<!-- This site is optimized with the Yoast SEO plugin v19.11 - https:\/\/yoast.com\/wordpress\/plugins\/seo\/ -->\n<title>Home - WISAU STRATEGIES SAS - unlocking people&#039;s wealth<\/title>\n<meta name=\"description\" content=\"Whatever the nature of your business concerns, please do feel free to contact us and, you are invited to visit our website regularly. WISAU STRATEGIES S.A.S\u2019s mission is to respond quickly to your expectations, considering the specificities of your respective sector business activities.\" \/>\n<meta name=\"robots\" content=\"index, follow, max-snippet:-1, max-image-preview:large, max-video-preview:-1\" \/>\n<link rel=\"canonical\" href=\"https:\/\/www.wisaustrategies.com\/en_US\/\" \/>\n<meta property=\"og:locale\" content=\"en_US\" \/>\n<meta property=\"og:type\" content=\"article\" \/>\n<meta property=\"og:title\" content=\"Home - WISAU STRATEGIES SAS - unlocking people&#039;s wealth\" \/>\n<meta property=\"og:description\" content=\"Whatever the nature of your business concerns, please do feel free to contact us and, you are invited to visit our website regularly. WISAU STRATEGIES S.A.S\u2019s mission is to respond quickly to your expectations, considering the specificities of your respective sector business activities.\" \/>\n<meta property=\"og:url\" content=\"https:\/\/www.wisaustrategies.com\/en_US\/\" \/>\n<meta property=\"og:site_name\" content=\"WISAU STRATEGIES SAS\" \/>\n<meta property=\"article:modified_time\" content=\"2022-11-25T04:38:32+00:00\" \/>\n<meta property=\"og:image\" content=\"https:\/\/www.wisaustrategies.com\/wp-content\/uploads\/2022\/11\/banner.jpg\" \/>\n\t<meta property=\"og:image:width\" content=\"1920\" \/>\n\t<meta property=\"og:image:height\" content=\"685\" \/>\n\t<meta property=\"og:image:type\" content=\"image\/jpeg\" \/>\n<meta name=\"twitter:card\" content=\"summary_large_image\" \/>\n<meta name=\"twitter:label1\" content=\"Est. reading time\" \/>\n\t<meta name=\"twitter:data1\" content=\"1 minute\" \/>\n<script type=\"application\/ld+json\" class=\"yoast-schema-graph\">{\"@context\":\"https:\/\/schema.org\",\"@graph\":[{\"@type\":\"WebPage\",\"@id\":\"https:\/\/www.wisaustrategies.com\/en_US\/\",\"url\":\"https:\/\/www.wisaustrategies.com\/en_US\/\",\"name\":\"Home - WISAU STRATEGIES SAS - unlocking people&#039;s wealth\",\"isPartOf\":{\"@id\":\"https:\/\/www.wisaustrategies.com\/#website\"},\"datePublished\":\"2022-11-14T07:17:09+00:00\",\"dateModified\":\"2022-11-25T04:38:32+00:00\",\"description\":\"Whatever the nature of your business concerns, please do feel free to contact us and, you are invited to visit our website regularly. WISAU STRATEGIES S.A.S\u2019s mission is to respond quickly to your expectations, considering the specificities of your respective sector business activities.\",\"breadcrumb\":{\"@id\":\"https:\/\/www.wisaustrategies.com\/en_US\/#breadcrumb\"},\"inLanguage\":\"en-US\",\"potentialAction\":[{\"@type\":\"ReadAction\",\"target\":[\"https:\/\/www.wisaustrategies.com\/en_US\/\"]}]},{\"@type\":\"BreadcrumbList\",\"@id\":\"https:\/\/www.wisaustrategies.com\/en_US\/#breadcrumb\",\"itemListElement\":[{\"@type\":\"ListItem\",\"position\":1,\"name\":\"Home\",\"item\":\"https:\/\/www.wisaustrategies.com\/en_US\/\"},{\"@type\":\"ListItem\",\"position\":2,\"name\":\"Home\"}]},{\"@type\":\"WebSite\",\"@id\":\"https:\/\/www.wisaustrategies.com\/#website\",\"url\":\"https:\/\/www.wisaustrategies.com\/\",\"name\":\"WISAU STRATEGIES SAS\",\"description\":\"unlocking people&#039;s wealth\",\"publisher\":{\"@id\":\"https:\/\/www.wisaustrategies.com\/#organization\"},\"potentialAction\":[{\"@type\":\"SearchAction\",\"target\":{\"@type\":\"EntryPoint\",\"urlTemplate\":\"https:\/\/www.wisaustrategies.com\/?s={search_term_string}\"},\"query-input\":\"required name=search_term_string\"}],\"inLanguage\":\"en-US\"},{\"@type\":\"Organization\",\"@id\":\"https:\/\/www.wisaustrategies.com\/#organization\",\"name\":\"WISAU STRATEGIES SAS\",\"url\":\"https:\/\/www.wisaustrategies.com\/\",\"logo\":{\"@type\":\"ImageObject\",\"inLanguage\":\"en-US\",\"@id\":\"https:\/\/www.wisaustrategies.com\/#\/schema\/logo\/image\/\",\"url\":\"https:\/\/www.wisaustrategies.com\/wp-content\/uploads\/2022\/11\/logo-1.png\",\"contentUrl\":\"https:\/\/www.wisaustrategies.com\/wp-content\/uploads\/2022\/11\/logo-1.png\",\"width\":241,\"height\":17,\"caption\":\"WISAU STRATEGIES SAS\"},\"image\":{\"@id\":\"https:\/\/www.wisaustrategies.com\/#\/schema\/logo\/image\/\"}}]}<\/script>\n<!-- \/ Yoast SEO plugin. -->","yoast_head_json":{"title":"Home - WISAU STRATEGIES SAS - unlocking people&#039;s wealth","description":"Whatever the nature of your business concerns, please do feel free to contact us and, you are invited to visit our website regularly. WISAU STRATEGIES S.A.S\u2019s mission is to respond quickly to your expectations, considering the specificities of your respective sector business activities.","robots":{"index":"index","follow":"follow","max-snippet":"max-snippet:-1","max-image-preview":"max-image-preview:large","max-video-preview":"max-video-preview:-1"},"canonical":"https:\/\/www.wisaustrategies.com\/en_US\/","og_locale":"en_US","og_type":"article","og_title":"Home - WISAU STRATEGIES SAS - unlocking people&#039;s wealth","og_description":"Whatever the nature of your business concerns, please do feel free to contact us and, you are invited to visit our website regularly. WISAU STRATEGIES S.A.S\u2019s mission is to respond quickly to your expectations, considering the specificities of your respective sector business activities.","og_url":"https:\/\/www.wisaustrategies.com\/en_US\/","og_site_name":"WISAU STRATEGIES SAS","article_modified_time":"2022-11-25T04:38:32+00:00","og_image":[{"width":1920,"height":685,"url":"https:\/\/www.wisaustrategies.com\/wp-content\/uploads\/2022\/11\/banner.jpg","type":"image\/jpeg"}],"twitter_card":"summary_large_image","twitter_misc":{"Est. reading time":"1 minute"},"schema":{"@context":"https:\/\/schema.org","@graph":[{"@type":"WebPage","@id":"https:\/\/www.wisaustrategies.com\/en_US\/","url":"https:\/\/www.wisaustrategies.com\/en_US\/","name":"Home - WISAU STRATEGIES SAS - unlocking people&#039;s wealth","isPartOf":{"@id":"https:\/\/www.wisaustrategies.com\/#website"},"datePublished":"2022-11-14T07:17:09+00:00","dateModified":"2022-11-25T04:38:32+00:00","description":"Whatever the nature of your business concerns, please do feel free to contact us and, you are invited to visit our website regularly. WISAU STRATEGIES S.A.S\u2019s mission is to respond quickly to your expectations, considering the specificities of your respective sector business activities.","breadcrumb":{"@id":"https:\/\/www.wisaustrategies.com\/en_US\/#breadcrumb"},"inLanguage":"en-US","potentialAction":[{"@type":"ReadAction","target":["https:\/\/www.wisaustrategies.com\/en_US\/"]}]},{"@type":"BreadcrumbList","@id":"https:\/\/www.wisaustrategies.com\/en_US\/#breadcrumb","itemListElement":[{"@type":"ListItem","position":1,"name":"Home","item":"https:\/\/www.wisaustrategies.com\/en_US\/"},{"@type":"ListItem","position":2,"name":"Home"}]},{"@type":"WebSite","@id":"https:\/\/www.wisaustrategies.com\/#website","url":"https:\/\/www.wisaustrategies.com\/","name":"WISAU STRATEGIES SAS","description":"unlocking people&#039;s wealth","publisher":{"@id":"https:\/\/www.wisaustrategies.com\/#organization"},"potentialAction":[{"@type":"SearchAction","target":{"@type":"EntryPoint","urlTemplate":"https:\/\/www.wisaustrategies.com\/?s={search_term_string}"},"query-input":"required name=search_term_string"}],"inLanguage":"en-US"},{"@type":"Organization","@id":"https:\/\/www.wisaustrategies.com\/#organization","name":"WISAU STRATEGIES SAS","url":"https:\/\/www.wisaustrategies.com\/","logo":{"@type":"ImageObject","inLanguage":"en-US","@id":"https:\/\/www.wisaustrategies.com\/#\/schema\/logo\/image\/","url":"https:\/\/www.wisaustrategies.com\/wp-content\/uploads\/2022\/11\/logo-1.png","contentUrl":"https:\/\/www.wisaustrategies.com\/wp-content\/uploads\/2022\/11\/logo-1.png","width":241,"height":17,"caption":"WISAU STRATEGIES SAS"},"image":{"@id":"https:\/\/www.wisaustrategies.com\/#\/schema\/logo\/image\/"}}]}},"_links":{"self":[{"href":"https:\/\/www.wisaustrategies.com\/fr_FR\/wp-json\/wp\/v2\/pages\/5","targetHints":{"allow":["GET"]}}],"collection":[{"href":"https:\/\/www.wisaustrategies.com\/fr_FR\/wp-json\/wp\/v2\/pages"}],"about":[{"href":"https:\/\/www.wisaustrategies.com\/fr_FR\/wp-json\/wp\/v2\/types\/page"}],"author":[{"embeddable":true,"href":"https:\/\/www.wisaustrategies.com\/fr_FR\/wp-json\/wp\/v2\/users\/1"}],"replies":[{"embeddable":true,"href":"https:\/\/www.wisaustrategies.com\/fr_FR\/wp-json\/wp\/v2\/comments?post=5"}],"version-history":[{"count":59,"href":"https:\/\/www.wisaustrategies.com\/fr_FR\/wp-json\/wp\/v2\/pages\/5\/revisions"}],"predecessor-version":[{"id":687,"href":"https:\/\/www.wisaustrategies.com\/fr_FR\/wp-json\/wp\/v2\/pages\/5\/revisions\/687"}],"wp:featuredmedia":[{"embeddable":true,"href":"https:\/\/www.wisaustrategies.com\/fr_FR\/wp-json\/wp\/v2\/media\/32"}],"wp:attachment":[{"href":"https:\/\/www.wisaustrategies.com\/fr_FR\/wp-json\/wp\/v2\/media?parent=5"}],"curies":[{"name":"wp","href":"https:\/\/api.w.org\/{rel}","templated":true}]}}