{"id":194,"date":"2022-11-18T05:28:21","date_gmt":"2022-11-18T05:28:21","guid":{"rendered":"https:\/\/www.wisaustrategies.com\/?page_id=194"},"modified":"2022-11-25T05:16:05","modified_gmt":"2022-11-25T05:16:05","slug":"dr-aubin-mabanza-nsemy","status":"publish","type":"page","link":"https:\/\/www.wisaustrategies.com\/fr_FR\/dr-aubin-mabanza-nsemy\/","title":{"rendered":"Dr. Aubin MABANZA N\u2019SEMY, PhD"},"content":{"rendered":"<div style=\"text-align: justify;\"><img decoding=\"async\" class=\"img-fluid border float-md-end ms-md-4 mb-4 w-50 img-thumbnail shadow\" src=\"https:\/\/www.wisaustrategies.com\/wp-content\/uploads\/2022\/11\/Dr.-Aubin-MABANZA-NSEMY.jpg\"\/><br \/>\n<strong>Dr. Aubin MABANZA N\u2019SEMY, PhD,<\/strong> Cofondateur et Directeur ex\u00e9cutif, Secr\u00e9taire du Conseil, Kinshasa et Londres<\/p>\n<p><strong>\u00c0 PROPOS DE Dr. Aubin MABANZA N\u2019SEMY, PhD<\/strong><br \/>\nUn professionnel du droit enthousiaste et multilingue avec une vaste exp\u00e9rience internationale travaillant en R\u00e9publique d\u00e9mocratique du Congo, en Afrique, dans l\u2019UE et au Royaume-Uni. Apte \u00e0 saisir de nouvelles id\u00e9es et de nouveaux concepts, et \u00e0 d\u00e9velopper des solutions innovantes et cr\u00e9atives aux probl\u00e8mes. Capable de bien travailler de sa propre initiative et de d\u00e9montrer les plus hauts niveaux de motivation et d\u2019organisation n\u00e9cessaires pour respecter des d\u00e9lais serr\u00e9s. Poss\u00e8de d\u2019excellentes comp\u00e9tences interpersonnelles et peut communiquer de mani\u00e8re concise \u00e0 tous les niveaux.<\/p>\n<p><strong>EXP\u00c9RIENCE ANT\u00c9RIEURE<\/strong><br \/>\nAdministrateur (\u00e0 temps partiel), Citizen Advice Bureau, East London<br \/>\nConseiller b\u00e9n\u00e9vole, IVB Group (ONG), East London<br \/>\nJuriste contractuel, Air Guin\u00e9e Express S.A., Conakry-Paris<br \/>\nAvocat stagiaire (Exp\u00e9rience professionnelle), Ewango &amp; Co Avocats, Paris.<\/p>\n<p><strong>EXPERTISE<\/strong><br \/>\n&#8211; Avocat, Barreau de Kinshasa-Matete, RDC<br \/>\n&#8211; Foreign Lawyer, Royaume-Uni<br \/>\n&#8211; Consultant juridique pour la Banque mondiale et la SFI (Doing Business Annual Report) Projet d\u2019entreprise en R\u00e9publique d\u00e9mocratique du Congo;<br \/>\n&#8211; Agent de propri\u00e9t\u00e9 intellectuelle enregistr\u00e9 pour la R\u00e9publique d\u00e9mocratique du Congo&nbsp;;<br \/>\n&#8211; Administrateur Ind\u00e9pendant de Access Bank DRC, SA.<\/p>\n<p><strong>FORMATION ET QUALIFICATION<\/strong><br \/>\nDr. Aubin est un juriste et politologue de formation. Il est passionn\u00e9 par la recherche et par l\u2019enseignement universitaire dans la zone d\u2019Afrique subsaharienne, d\u2019expression fran\u00e7aise. Il est titulare de&nbsp;dipl\u00f4mes de:<\/p>\n<p><strong>Doctorat<\/strong> en droit priv\u00e9, Universit\u00e9 de Bordeaux, France,<br \/>\n<strong>DESS<\/strong> en droit de la propri\u00e9t\u00e9 intellectuelle, Acad\u00e9mie de l\u2019OMPI\/OAPI, CH-CMR,<br \/>\n<strong>LLM<\/strong> en droit commercial, Cardiff Law School, Universit\u00e9 du Pays de Galles, Royaume-Uni,<br \/>\n<strong>Ma\u00eetrise<\/strong> en droit des affaires, Universit\u00e9 de Paris 10-Nanterre, France,<br \/>\n<strong>Ma\u00eetrise<\/strong> en Sciences Politiques, Universit\u00e9 de Paris 10-Nanterre, France<\/p>\n<p><strong>ACTIVIT\u00c9S ACAD\u00c9MIQUES<\/strong><br \/>\n&#8211; Dr Aubin est sp\u00e9cialiste de droit compar\u00e9, droit social, droit des contrats commerciaux et droit de la propri\u00e9t\u00e9 intellectuelle,est actuellement Professeur \u00e0 l\u2019Universit\u00e9 de Kwango, RDC.<br \/>\n&#8211; Chercheur associ\u00e9 au COMPTRASEC, Universit\u00e9 de Bordeaux, France<br \/>\n&#8211; Professeur associ\u00e9 \u00e0 l\u2019Universit\u00e9 William Booth, Kinshasa, RDC;<\/p>\n<p><strong>LIVRES PUBLI\u00c9S: <\/strong><br \/>\nDr. Aubin est l\u2019auteur de trois ouvrages en droit du travail international, en droit de la proptri\u00e9 industrielle et en proc\u00e9dure civile.<br \/>\n&#8211; R\u00e9flexion sur les fonctions du juge en Afrique francophone, \u00e0 partir du contentieux des litiges individuels du travail. Approche compar\u00e9e : Cameroun, Guin\u00e9e, Mali, RDCongo, S\u00e9n\u00e9gal, ISBN:-13:978-620-3-42063 (Volume 1), ISBN-10 : 6203420633 (volume 2), Les \u00e9ditions universitaires europ\u00e9ennes, juillet 2021,<br \/>\n&#8211; Les marques en Afrique francophone. Approche comparative et critique de la protection \u00e0 l\u2019OAPI et en R.D. Congo\u201d, ISBN: 978-2-343-08574-6, L\u2019Harmattan Paris April 2016;<br \/>\n&#8211; Droit Congolais, Africain et International du Travail\u201d<br \/>\nISBN: 978-2-296-09197-9. L\u2019Harmattan Paris September 2009.<\/p>\n<p><strong>ARTICLES PUBLI\u00c9S<\/strong><br \/>\n&#8211; \u201c Le deploiement des tribunaux du travail en R\u00e9publique D\u00e9mocratique du Congo (March 2022, COMPTRASEC, Bordeaux University Press),<br \/>\n&#8211; \u201cThe issue of the training of employment Inspector and the settlement of labour disputes in Democratic Republic of the Congo (Forthcoming, October 2023, COMPTRASEC, Bordeaux University Press)\u201d,<br \/>\n&#8211; &#8220;The Legal Aspects of doing business in Africa: DRC situation&#8221;,(June 2015);<br \/>\n&#8211; &#8220;The DRC joining the OHADA Treaty: Role of the UNIDA&#8221;, UIA and Senegal Bar Association, Dakar, February 2010 (Contributor);<br \/>\n&#8211; &#8221; The DRC joins the OHADA: End of the isolation of its business legal system&#8221;, International Bar Association (African Regional Forum), volume 4 number 2, Dec. 2010.<\/p>\n<p><strong>DISTINCTIONS <\/strong><br \/>\n&#8211; Th\u00e8se de doctorat soutenue avec les f\u00e9licitations du jury \u00e0 l\u2019unanimit\u00e9 avec autorisation de publier sans correction;<br \/>\n&#8211; Bourse d\u2019\u00e9tudes int\u00e9grale octroy\u00e9e par l\u2019acad\u00e9mie de l\u2019organisation mondiale de propri\u00e9t\u00e9 intellectuelle;<br \/>\n&#8211; Bourse d\u2019\u00e9tudes octroy\u00e9e par universit\u00e9 de pays de Gales.<\/p>\n<\/div>\n","protected":false},"excerpt":{"rendered":"<div style=\"text-align: justify;\"><img decoding=\"async\" class=\"img-fluid border float-md-end ms-md-4 mb-4 w-50 img-thumbnail shadow\" src=\"https:\/\/www.wisaustrategies.com\/wp-content\/uploads\/2022\/11\/Dr.-Aubin-MABANZA-NSEMY.jpg\"><br \/>\n<strong>Dr. Aubin MABANZA N\u2019SEMY, PhD,<\/...\n<\/p>\n","protected":false},"author":1,"featured_media":0,"parent":0,"menu_order":0,"comment_status":"closed","ping_status":"closed","template":"","meta":{"footnotes":""},"class_list":["post-194","page","type-page","status-publish","hentry"],"acf":[],"yoast_head":"<!-- This site is optimized with the Yoast SEO plugin v19.11 - https:\/\/yoast.com\/wordpress\/plugins\/seo\/ -->\n<title>Dr. Aubin MABANZA N\u2019SEMY, PhD - WISAU STRATEGIES SAS - unlocking people&#039;s wealth<\/title>\n<meta name=\"description\" content=\"Whatever the nature of your business concerns, please do feel free to contact us and, you are invited to visit our website regularly. WISAU STRATEGIES S.A.S\u2019s mission is to respond quickly to your expectations, considering the specificities of your respective sector business activities.\" \/>\n<meta name=\"robots\" content=\"index, follow, max-snippet:-1, max-image-preview:large, max-video-preview:-1\" \/>\n<link rel=\"canonical\" href=\"https:\/\/www.wisaustrategies.com\/en_US\/dr-aubin-mabanza-nsemy\/\" \/>\n<meta property=\"og:locale\" content=\"en_US\" \/>\n<meta property=\"og:type\" content=\"article\" \/>\n<meta property=\"og:title\" content=\"Dr. Aubin MABANZA N\u2019SEMY, PhD - WISAU STRATEGIES SAS - unlocking people&#039;s wealth\" \/>\n<meta property=\"og:description\" content=\"Whatever the nature of your business concerns, please do feel free to contact us and, you are invited to visit our website regularly. WISAU STRATEGIES S.A.S\u2019s mission is to respond quickly to your expectations, considering the specificities of your respective sector business activities.\" \/>\n<meta property=\"og:url\" content=\"https:\/\/www.wisaustrategies.com\/en_US\/dr-aubin-mabanza-nsemy\/\" \/>\n<meta property=\"og:site_name\" content=\"WISAU STRATEGIES SAS\" \/>\n<meta property=\"article:modified_time\" content=\"2022-11-25T05:16:05+00:00\" \/>\n<meta property=\"og:image\" content=\"https:\/\/www.wisaustrategies.com\/wp-content\/uploads\/2022\/11\/Dr.-Aubin-MABANZA-NSEMY.jpg\" \/>\n<meta name=\"twitter:card\" content=\"summary_large_image\" \/>\n<meta name=\"twitter:label1\" content=\"Est. reading time\" \/>\n\t<meta name=\"twitter:data1\" content=\"3 minutes\" \/>\n<script type=\"application\/ld+json\" class=\"yoast-schema-graph\">{\"@context\":\"https:\/\/schema.org\",\"@graph\":[{\"@type\":\"WebPage\",\"@id\":\"https:\/\/www.wisaustrategies.com\/en_US\/dr-aubin-mabanza-nsemy\/\",\"url\":\"https:\/\/www.wisaustrategies.com\/en_US\/dr-aubin-mabanza-nsemy\/\",\"name\":\"Dr. Aubin MABANZA N\u2019SEMY, PhD - WISAU STRATEGIES SAS - unlocking people&#039;s wealth\",\"isPartOf\":{\"@id\":\"https:\/\/www.wisaustrategies.com\/#website\"},\"datePublished\":\"2022-11-18T05:28:21+00:00\",\"dateModified\":\"2022-11-25T05:16:05+00:00\",\"description\":\"Whatever the nature of your business concerns, please do feel free to contact us and, you are invited to visit our website regularly. WISAU STRATEGIES S.A.S\u2019s mission is to respond quickly to your expectations, considering the specificities of your respective sector business activities.\",\"breadcrumb\":{\"@id\":\"https:\/\/www.wisaustrategies.com\/en_US\/dr-aubin-mabanza-nsemy\/#breadcrumb\"},\"inLanguage\":\"en-US\",\"potentialAction\":[{\"@type\":\"ReadAction\",\"target\":[\"https:\/\/www.wisaustrategies.com\/en_US\/dr-aubin-mabanza-nsemy\/\"]}]},{\"@type\":\"BreadcrumbList\",\"@id\":\"https:\/\/www.wisaustrategies.com\/en_US\/dr-aubin-mabanza-nsemy\/#breadcrumb\",\"itemListElement\":[{\"@type\":\"ListItem\",\"position\":1,\"name\":\"Home\",\"item\":\"https:\/\/www.wisaustrategies.com\/en_US\/\"},{\"@type\":\"ListItem\",\"position\":2,\"name\":\"Dr.Aubin MABANZA N\u2019SEMY, PhD\"}]},{\"@type\":\"WebSite\",\"@id\":\"https:\/\/www.wisaustrategies.com\/#website\",\"url\":\"https:\/\/www.wisaustrategies.com\/\",\"name\":\"WISAU STRATEGIES SAS\",\"description\":\"unlocking people&#039;s wealth\",\"publisher\":{\"@id\":\"https:\/\/www.wisaustrategies.com\/#organization\"},\"potentialAction\":[{\"@type\":\"SearchAction\",\"target\":{\"@type\":\"EntryPoint\",\"urlTemplate\":\"https:\/\/www.wisaustrategies.com\/?s={search_term_string}\"},\"query-input\":\"required name=search_term_string\"}],\"inLanguage\":\"en-US\"},{\"@type\":\"Organization\",\"@id\":\"https:\/\/www.wisaustrategies.com\/#organization\",\"name\":\"WISAU STRATEGIES SAS\",\"url\":\"https:\/\/www.wisaustrategies.com\/\",\"logo\":{\"@type\":\"ImageObject\",\"inLanguage\":\"en-US\",\"@id\":\"https:\/\/www.wisaustrategies.com\/#\/schema\/logo\/image\/\",\"url\":\"https:\/\/www.wisaustrategies.com\/wp-content\/uploads\/2022\/11\/logo-1.png\",\"contentUrl\":\"https:\/\/www.wisaustrategies.com\/wp-content\/uploads\/2022\/11\/logo-1.png\",\"width\":241,\"height\":17,\"caption\":\"WISAU STRATEGIES SAS\"},\"image\":{\"@id\":\"https:\/\/www.wisaustrategies.com\/#\/schema\/logo\/image\/\"}}]}<\/script>\n<!-- \/ Yoast SEO plugin. -->","yoast_head_json":{"title":"Dr. Aubin MABANZA N\u2019SEMY, PhD - WISAU STRATEGIES SAS - unlocking people&#039;s wealth","description":"Whatever the nature of your business concerns, please do feel free to contact us and, you are invited to visit our website regularly. WISAU STRATEGIES S.A.S\u2019s mission is to respond quickly to your expectations, considering the specificities of your respective sector business activities.","robots":{"index":"index","follow":"follow","max-snippet":"max-snippet:-1","max-image-preview":"max-image-preview:large","max-video-preview":"max-video-preview:-1"},"canonical":"https:\/\/www.wisaustrategies.com\/en_US\/dr-aubin-mabanza-nsemy\/","og_locale":"en_US","og_type":"article","og_title":"Dr. Aubin MABANZA N\u2019SEMY, PhD - WISAU STRATEGIES SAS - unlocking people&#039;s wealth","og_description":"Whatever the nature of your business concerns, please do feel free to contact us and, you are invited to visit our website regularly. WISAU STRATEGIES S.A.S\u2019s mission is to respond quickly to your expectations, considering the specificities of your respective sector business activities.","og_url":"https:\/\/www.wisaustrategies.com\/en_US\/dr-aubin-mabanza-nsemy\/","og_site_name":"WISAU STRATEGIES SAS","article_modified_time":"2022-11-25T05:16:05+00:00","og_image":[{"url":"https:\/\/www.wisaustrategies.com\/wp-content\/uploads\/2022\/11\/Dr.-Aubin-MABANZA-NSEMY.jpg"}],"twitter_card":"summary_large_image","twitter_misc":{"Est. reading time":"3 minutes"},"schema":{"@context":"https:\/\/schema.org","@graph":[{"@type":"WebPage","@id":"https:\/\/www.wisaustrategies.com\/en_US\/dr-aubin-mabanza-nsemy\/","url":"https:\/\/www.wisaustrategies.com\/en_US\/dr-aubin-mabanza-nsemy\/","name":"Dr. Aubin MABANZA N\u2019SEMY, PhD - WISAU STRATEGIES SAS - unlocking people&#039;s wealth","isPartOf":{"@id":"https:\/\/www.wisaustrategies.com\/#website"},"datePublished":"2022-11-18T05:28:21+00:00","dateModified":"2022-11-25T05:16:05+00:00","description":"Whatever the nature of your business concerns, please do feel free to contact us and, you are invited to visit our website regularly. WISAU STRATEGIES S.A.S\u2019s mission is to respond quickly to your expectations, considering the specificities of your respective sector business activities.","breadcrumb":{"@id":"https:\/\/www.wisaustrategies.com\/en_US\/dr-aubin-mabanza-nsemy\/#breadcrumb"},"inLanguage":"en-US","potentialAction":[{"@type":"ReadAction","target":["https:\/\/www.wisaustrategies.com\/en_US\/dr-aubin-mabanza-nsemy\/"]}]},{"@type":"BreadcrumbList","@id":"https:\/\/www.wisaustrategies.com\/en_US\/dr-aubin-mabanza-nsemy\/#breadcrumb","itemListElement":[{"@type":"ListItem","position":1,"name":"Home","item":"https:\/\/www.wisaustrategies.com\/en_US\/"},{"@type":"ListItem","position":2,"name":"Dr.Aubin MABANZA N\u2019SEMY, PhD"}]},{"@type":"WebSite","@id":"https:\/\/www.wisaustrategies.com\/#website","url":"https:\/\/www.wisaustrategies.com\/","name":"WISAU STRATEGIES SAS","description":"unlocking people&#039;s wealth","publisher":{"@id":"https:\/\/www.wisaustrategies.com\/#organization"},"potentialAction":[{"@type":"SearchAction","target":{"@type":"EntryPoint","urlTemplate":"https:\/\/www.wisaustrategies.com\/?s={search_term_string}"},"query-input":"required name=search_term_string"}],"inLanguage":"en-US"},{"@type":"Organization","@id":"https:\/\/www.wisaustrategies.com\/#organization","name":"WISAU STRATEGIES SAS","url":"https:\/\/www.wisaustrategies.com\/","logo":{"@type":"ImageObject","inLanguage":"en-US","@id":"https:\/\/www.wisaustrategies.com\/#\/schema\/logo\/image\/","url":"https:\/\/www.wisaustrategies.com\/wp-content\/uploads\/2022\/11\/logo-1.png","contentUrl":"https:\/\/www.wisaustrategies.com\/wp-content\/uploads\/2022\/11\/logo-1.png","width":241,"height":17,"caption":"WISAU STRATEGIES SAS"},"image":{"@id":"https:\/\/www.wisaustrategies.com\/#\/schema\/logo\/image\/"}}]}},"_links":{"self":[{"href":"https:\/\/www.wisaustrategies.com\/fr_FR\/wp-json\/wp\/v2\/pages\/194","targetHints":{"allow":["GET"]}}],"collection":[{"href":"https:\/\/www.wisaustrategies.com\/fr_FR\/wp-json\/wp\/v2\/pages"}],"about":[{"href":"https:\/\/www.wisaustrategies.com\/fr_FR\/wp-json\/wp\/v2\/types\/page"}],"author":[{"embeddable":true,"href":"https:\/\/www.wisaustrategies.com\/fr_FR\/wp-json\/wp\/v2\/users\/1"}],"replies":[{"embeddable":true,"href":"https:\/\/www.wisaustrategies.com\/fr_FR\/wp-json\/wp\/v2\/comments?post=194"}],"version-history":[{"count":31,"href":"https:\/\/www.wisaustrategies.com\/fr_FR\/wp-json\/wp\/v2\/pages\/194\/revisions"}],"predecessor-version":[{"id":709,"href":"https:\/\/www.wisaustrategies.com\/fr_FR\/wp-json\/wp\/v2\/pages\/194\/revisions\/709"}],"wp:attachment":[{"href":"https:\/\/www.wisaustrategies.com\/fr_FR\/wp-json\/wp\/v2\/media?parent=194"}],"curies":[{"name":"wp","href":"https:\/\/api.w.org\/{rel}","templated":true}]}}