{"id":190,"date":"2022-11-18T05:24:18","date_gmt":"2022-11-18T05:24:18","guid":{"rendered":"https:\/\/www.wisaustrategies.com\/?page_id=190"},"modified":"2022-11-25T09:44:17","modified_gmt":"2022-11-25T09:44:17","slug":"willy-kalombo-nsenda","status":"publish","type":"page","link":"https:\/\/www.wisaustrategies.com\/fr_FR\/willy-kalombo-nsenda\/","title":{"rendered":"Willy KALOMBO N\u2019SENDA"},"content":{"rendered":"<div style=\"text-align:justify;\">\n<img decoding=\"async\" src=\"https:\/\/www.wisaustrategies.com\/wp-content\/uploads\/2022\/11\/Willy-KALOMBO-NSENDA.jpg\" class=\"img-fluid border float-md-end ms-md-4 mb-4 w-50 img-thumbnail shadow\"\/><br \/>\n<strong>Willy KALOMBO N\u2019SENDA,<\/strong>cofondateur et Administrateur ex\u00e9cutif, Kinshasa<\/p>\n<p><b>\u00c0 PROPOS DE WILLY KALOMBO N\u2019SENDA<\/b><\/p>\n<p>Willy KALOMBO est un \u00e9conomiste dot\u00e9 d\u2019une vaste exp\u00e9rience en mati\u00e8re de banques et finances. Ancien cadre de direction retrait\u00e9 de la Banque Centrale du Congo, il justifie d\u2019une solide connaissance et ma\u00eetrise des questions relatives notamment \u00e0 la r\u00e9glementation du secteur bancaire et financier, \u00e0 la r\u00e9solution des crises financi\u00e8res et bancaires, \u00e0 la conduite des r\u00e9formes et innovations dans les secteurs \u00e9conomique, financier, mon\u00e9taire et bancaire.<\/p>\n<p>Il \u00e9volue actuellement comme expert\u2013consultant en \u00e9tudes, conseils, analyses, formation, accompagnement technique, strat\u00e9gies, ing\u00e9nierie financi\u00e8re et \u00e9laboration des dossiers de financement et de cr\u00e9ation d\u2019institutions financi\u00e8res. Il expose des aptitudes personnelles entre autres de travailler en \u00e9quipe, de communiquer en parfaite concision, indiff\u00e9remment des d\u00e9gr\u00e9s, de saisir de nouvelles initiatives et opportunit\u00e9s ainsi que de participer \u00e0 la mise en place de nouveaux concepts pour r\u00e9soudre&nbsp;les probl\u00e8mes.<\/p>\n<p><b>EXP\u00c9RIENCE ANT\u00c9RIEURE<\/b><\/p>\n<p>\u2022 Directeur Adjoint en charge du Contr\u00f4le sur Place \u00e0 la Direction de la Surveillance des Interm\u00e9diaires Financiers \u00e0 la Banque Centrale du Congo;<br \/>\n\u2022 Repr\u00e9sentant de la Banque Centrale du Congo au Comit\u00e9 Ex\u00e9cutif de l\u2019Association Africaine du Cr\u00e9dit Rural et Agricole, ensigle AFRACA, au Comit\u00e9 des Superviseurs de Banques de l\u2019Afrique de l\u2019Ouest et du Centre, en sigle CSBAOC et \u00e0 la Commission permanente de lutte contre la Fraude, la Corruption, les D\u00e9tournements et les Crimes Organis\u00e9s, en sigle CLF, mise en place par l\u2019Agence Nationale des Renseignements, en sigle ANR&nbsp;;<br \/>\n\u2022 Membre des missions de surveillance rapproch\u00e9e d\u00e9p\u00each\u00e9es par la Banque Centrale du Congo aupr\u00e8s de certains \u00e9tablissements de cr\u00e9dit en difficult\u00e9, en tant que Repr\u00e9sentant Provisoire ou Administrateur Provisoire, dont la GRINDLAYS BANK (Za\u00efre) liquid\u00e9e, la Compagnie Bancaire de Commerce et de Cr\u00e9dit(COBAC) liquid\u00e9e, la Banque Continentale au Congo(BANCOC) liquid\u00e9e, les coop\u00e9ratives d\u2019\u00e9pargne et de cr\u00e9dit ECZ\/IBANDA et KADUTU liquid\u00e9es et la COOPEC IMARA\/GOMA en restructuration&nbsp;;<br \/>\n\u2022 Vice-Pr\u00e9sident, Secr\u00e9taire Rapporteur ou Membre de certaines structures sp\u00e9cialis\u00e9es de travail mises en place par la Banque Centrale du Congo pour les r\u00e9formes, projets, travaux sp\u00e9ciaux visant la modernisation de la Banque Centrale du Congo et\/ou le d\u00e9veloppement du syst\u00e8me financier congolais.<\/p>\n<p><b>AUTRE EXP\u00c9RIENCE:<\/b><\/p>\n<p>\u2022 Pasteur et Membre des Directoires des communaut\u00e9s religieuses: Assembl\u00e9e Chr\u00e9tienne de Kinshasa (A.C.K.), Communaut\u00e9 des Assembl\u00e9es Chr\u00e9tiennes(C.A.C.), Eglise Chr\u00e9tienne de R\u00e9f\u00e9rence(E.C.R.) et Mission pour l\u2019Acc\u00e8s au Royaume des Cieux(M.A.R.C.).<\/p>\n<p><b>\u00c9TUDES FAITES ET FORMATIONS<\/b><br \/>\n\u2022 Licence en sciences \u00e9conomiques, option internationale et mon\u00e9taire \u00e0 l\u2019Universit\u00e9 de KINSHASA;<br \/>\n\u2022 Formations sur la supervision du syst\u00e8me financier, le contr\u00f4le bancaire, la r\u00e9solution des crises financi\u00e8res et bancaires, notamment \u00e0 Banque Mondiale, Fonds Mon\u00e9taire International, Comit\u00e9 de B\u00e2le sur le Contr\u00f4le Bancaire, Banque de France, Bank Al Maghrib, Banque Africaine de D\u00e9veloppement, Institut Sup\u00e9rieur Pan africaine d\u2019Economie Coop\u00e9rative&nbsp;;<br \/>\n\u2022 Impr\u00e9gnation d\u2019exp\u00e9riences pour les r\u00e9formes \u00e0 impl\u00e9menter en R.D.Congo, notamment sur la gestion macro\u00e9conomique et le secteur financier, les probl\u00e8mes bancaires en Afrique Subsaharienne, la promotion et la modernisation du syst\u00e8me de paiement, l\u2019impl\u00e9mentation du mobile banking, le financement de la cha\u00eene de valeur agricole, la mise en \u0153uvre du cr\u00e9dit\u2013bail ou leasing, notamment au Fonds Mon\u00e9taire International, Banque Nationale de Belgique, Institut pour la Stabilit\u00e9 Financi\u00e8re, South Africa Reserve Bank, Kenya School of Monetary Studies, Association Africaine du Cr\u00e9dit Rural et Agricole;<br \/>\n\u2022 Renforcement des capacit\u00e9s sur des th\u00e9matiques sp\u00e9cifiques, dont la comptabilit\u00e9 bancaire, les instruments de paiement, les op\u00e9rations de cr\u00e9dit et de change, le financement de l\u2019entreprise, l\u2019analyse, l\u2019\u00e9valuation et le suivi des projets, l\u2019initiation \u00e0 la gestion des institutions de microfinance, le contr\u00f4le interne des institutions de microfinance, notamment aupr\u00e8s des organismes de formation surplace en RDC et\/ou \u00e0 l\u2019\u00e9tranger.<\/p>\n<p><b>DOMAINES D\u2019EXPERTISE<\/b><br \/>\n\u2022 Les institutions financi\u00e8res: montage de dossiers de cr\u00e9ation, d\u00e9marches d\u2019agr\u00e9ment, gouvernance, contr\u00f4le, r\u00e9solution des crises&nbsp;;<br \/>\n\u2022 La consultance: \u00e9tudes, conseils, analyses, accompagnement technique, conception des strat\u00e9gies et innovations bancaires et financi\u00e8res, \u00e9laboration des dossiers de financement, assistance au recouvrement des cr\u00e9ances, ing\u00e9nierie financi\u00e8re;<br \/>\n\u2022 La formation et le renforcement des capacit\u00e9s notamment en r\u00e9glementation bancaire et financi\u00e8re, en gouvernance, gestion et contr\u00f4le des \u00e9tablissements de cr\u00e9dit&nbsp;;<br \/>\n\u2022 L\u2019accompagnement dans les d\u00e9marches et formalit\u00e9s avec les instances \u00e9tatiques.<\/p>\n<\/div>\n","protected":false},"excerpt":{"rendered":"<div style=\"text-align:justify;\">\n<img decoding=\"async\" src=\"https:\/\/www.wisaustrategies.com\/wp-content\/uploads\/2022\/11\/Willy-KALOMBO-NSENDA.jpg\" class=\"img-fluid border float-md-end ms-md-4 mb-4 w-50 img-thumbnail shadow\"><br \/>\n<strong>Willy KALOMBO N\u2019SENDA,<\/strong>cofo&#8230;<\/p>\n","protected":false},"author":1,"featured_media":0,"parent":0,"menu_order":0,"comment_status":"closed","ping_status":"closed","template":"","meta":{"footnotes":""},"class_list":["post-190","page","type-page","status-publish","hentry"],"acf":[],"yoast_head":"<!-- This site is optimized with the Yoast SEO plugin v19.11 - https:\/\/yoast.com\/wordpress\/plugins\/seo\/ -->\n<title>Willy KALOMBO N\u2019SENDA - WISAU STRATEGIES SAS - unlocking people&#039;s wealth<\/title>\n<meta name=\"description\" content=\"Whatever the nature of your business concerns, please do feel free to contact us and, you are invited to visit our website regularly. WISAU STRATEGIES S.A.S\u2019s mission is to respond quickly to your expectations, considering the specificities of your respective sector business activities.\" \/>\n<meta name=\"robots\" content=\"index, follow, max-snippet:-1, max-image-preview:large, max-video-preview:-1\" \/>\n<link rel=\"canonical\" href=\"https:\/\/www.wisaustrategies.com\/en_US\/willy-kalombo-nsenda\/\" \/>\n<meta property=\"og:locale\" content=\"en_US\" \/>\n<meta property=\"og:type\" content=\"article\" \/>\n<meta property=\"og:title\" content=\"Willy KALOMBO N\u2019SENDA - WISAU STRATEGIES SAS - unlocking people&#039;s wealth\" \/>\n<meta property=\"og:description\" content=\"Whatever the nature of your business concerns, please do feel free to contact us and, you are invited to visit our website regularly. WISAU STRATEGIES S.A.S\u2019s mission is to respond quickly to your expectations, considering the specificities of your respective sector business activities.\" \/>\n<meta property=\"og:url\" content=\"https:\/\/www.wisaustrategies.com\/en_US\/willy-kalombo-nsenda\/\" \/>\n<meta property=\"og:site_name\" content=\"WISAU STRATEGIES SAS\" \/>\n<meta property=\"article:modified_time\" content=\"2022-11-25T09:44:17+00:00\" \/>\n<meta property=\"og:image\" content=\"https:\/\/www.wisaustrategies.com\/wp-content\/uploads\/2022\/11\/Willy-KALOMBO-NSENDA.jpg\" \/>\n<meta name=\"twitter:card\" content=\"summary_large_image\" \/>\n<meta name=\"twitter:label1\" content=\"Est. reading time\" \/>\n\t<meta name=\"twitter:data1\" content=\"4 minutes\" \/>\n<script type=\"application\/ld+json\" class=\"yoast-schema-graph\">{\"@context\":\"https:\/\/schema.org\",\"@graph\":[{\"@type\":\"WebPage\",\"@id\":\"https:\/\/www.wisaustrategies.com\/en_US\/willy-kalombo-nsenda\/\",\"url\":\"https:\/\/www.wisaustrategies.com\/en_US\/willy-kalombo-nsenda\/\",\"name\":\"Willy KALOMBO N\u2019SENDA - WISAU STRATEGIES SAS - unlocking people&#039;s wealth\",\"isPartOf\":{\"@id\":\"https:\/\/www.wisaustrategies.com\/#website\"},\"datePublished\":\"2022-11-18T05:24:18+00:00\",\"dateModified\":\"2022-11-25T09:44:17+00:00\",\"description\":\"Whatever the nature of your business concerns, please do feel free to contact us and, you are invited to visit our website regularly. WISAU STRATEGIES S.A.S\u2019s mission is to respond quickly to your expectations, considering the specificities of your respective sector business activities.\",\"breadcrumb\":{\"@id\":\"https:\/\/www.wisaustrategies.com\/en_US\/willy-kalombo-nsenda\/#breadcrumb\"},\"inLanguage\":\"en-US\",\"potentialAction\":[{\"@type\":\"ReadAction\",\"target\":[\"https:\/\/www.wisaustrategies.com\/en_US\/willy-kalombo-nsenda\/\"]}]},{\"@type\":\"BreadcrumbList\",\"@id\":\"https:\/\/www.wisaustrategies.com\/en_US\/willy-kalombo-nsenda\/#breadcrumb\",\"itemListElement\":[{\"@type\":\"ListItem\",\"position\":1,\"name\":\"Home\",\"item\":\"https:\/\/www.wisaustrategies.com\/en_US\/\"},{\"@type\":\"ListItem\",\"position\":2,\"name\":\"Willy KALOMBO N\u2019SENDA\"}]},{\"@type\":\"WebSite\",\"@id\":\"https:\/\/www.wisaustrategies.com\/#website\",\"url\":\"https:\/\/www.wisaustrategies.com\/\",\"name\":\"WISAU STRATEGIES SAS\",\"description\":\"unlocking people&#039;s wealth\",\"publisher\":{\"@id\":\"https:\/\/www.wisaustrategies.com\/#organization\"},\"potentialAction\":[{\"@type\":\"SearchAction\",\"target\":{\"@type\":\"EntryPoint\",\"urlTemplate\":\"https:\/\/www.wisaustrategies.com\/?s={search_term_string}\"},\"query-input\":\"required name=search_term_string\"}],\"inLanguage\":\"en-US\"},{\"@type\":\"Organization\",\"@id\":\"https:\/\/www.wisaustrategies.com\/#organization\",\"name\":\"WISAU STRATEGIES SAS\",\"url\":\"https:\/\/www.wisaustrategies.com\/\",\"logo\":{\"@type\":\"ImageObject\",\"inLanguage\":\"en-US\",\"@id\":\"https:\/\/www.wisaustrategies.com\/#\/schema\/logo\/image\/\",\"url\":\"https:\/\/www.wisaustrategies.com\/wp-content\/uploads\/2022\/11\/logo-1.png\",\"contentUrl\":\"https:\/\/www.wisaustrategies.com\/wp-content\/uploads\/2022\/11\/logo-1.png\",\"width\":241,\"height\":17,\"caption\":\"WISAU STRATEGIES SAS\"},\"image\":{\"@id\":\"https:\/\/www.wisaustrategies.com\/#\/schema\/logo\/image\/\"}}]}<\/script>\n<!-- \/ Yoast SEO plugin. -->","yoast_head_json":{"title":"Willy KALOMBO N\u2019SENDA - WISAU STRATEGIES SAS - unlocking people&#039;s wealth","description":"Whatever the nature of your business concerns, please do feel free to contact us and, you are invited to visit our website regularly. WISAU STRATEGIES S.A.S\u2019s mission is to respond quickly to your expectations, considering the specificities of your respective sector business activities.","robots":{"index":"index","follow":"follow","max-snippet":"max-snippet:-1","max-image-preview":"max-image-preview:large","max-video-preview":"max-video-preview:-1"},"canonical":"https:\/\/www.wisaustrategies.com\/en_US\/willy-kalombo-nsenda\/","og_locale":"en_US","og_type":"article","og_title":"Willy KALOMBO N\u2019SENDA - WISAU STRATEGIES SAS - unlocking people&#039;s wealth","og_description":"Whatever the nature of your business concerns, please do feel free to contact us and, you are invited to visit our website regularly. WISAU STRATEGIES S.A.S\u2019s mission is to respond quickly to your expectations, considering the specificities of your respective sector business activities.","og_url":"https:\/\/www.wisaustrategies.com\/en_US\/willy-kalombo-nsenda\/","og_site_name":"WISAU STRATEGIES SAS","article_modified_time":"2022-11-25T09:44:17+00:00","og_image":[{"url":"https:\/\/www.wisaustrategies.com\/wp-content\/uploads\/2022\/11\/Willy-KALOMBO-NSENDA.jpg"}],"twitter_card":"summary_large_image","twitter_misc":{"Est. reading time":"4 minutes"},"schema":{"@context":"https:\/\/schema.org","@graph":[{"@type":"WebPage","@id":"https:\/\/www.wisaustrategies.com\/en_US\/willy-kalombo-nsenda\/","url":"https:\/\/www.wisaustrategies.com\/en_US\/willy-kalombo-nsenda\/","name":"Willy KALOMBO N\u2019SENDA - WISAU STRATEGIES SAS - unlocking people&#039;s wealth","isPartOf":{"@id":"https:\/\/www.wisaustrategies.com\/#website"},"datePublished":"2022-11-18T05:24:18+00:00","dateModified":"2022-11-25T09:44:17+00:00","description":"Whatever the nature of your business concerns, please do feel free to contact us and, you are invited to visit our website regularly. WISAU STRATEGIES S.A.S\u2019s mission is to respond quickly to your expectations, considering the specificities of your respective sector business activities.","breadcrumb":{"@id":"https:\/\/www.wisaustrategies.com\/en_US\/willy-kalombo-nsenda\/#breadcrumb"},"inLanguage":"en-US","potentialAction":[{"@type":"ReadAction","target":["https:\/\/www.wisaustrategies.com\/en_US\/willy-kalombo-nsenda\/"]}]},{"@type":"BreadcrumbList","@id":"https:\/\/www.wisaustrategies.com\/en_US\/willy-kalombo-nsenda\/#breadcrumb","itemListElement":[{"@type":"ListItem","position":1,"name":"Home","item":"https:\/\/www.wisaustrategies.com\/en_US\/"},{"@type":"ListItem","position":2,"name":"Willy KALOMBO N\u2019SENDA"}]},{"@type":"WebSite","@id":"https:\/\/www.wisaustrategies.com\/#website","url":"https:\/\/www.wisaustrategies.com\/","name":"WISAU STRATEGIES SAS","description":"unlocking people&#039;s wealth","publisher":{"@id":"https:\/\/www.wisaustrategies.com\/#organization"},"potentialAction":[{"@type":"SearchAction","target":{"@type":"EntryPoint","urlTemplate":"https:\/\/www.wisaustrategies.com\/?s={search_term_string}"},"query-input":"required name=search_term_string"}],"inLanguage":"en-US"},{"@type":"Organization","@id":"https:\/\/www.wisaustrategies.com\/#organization","name":"WISAU STRATEGIES SAS","url":"https:\/\/www.wisaustrategies.com\/","logo":{"@type":"ImageObject","inLanguage":"en-US","@id":"https:\/\/www.wisaustrategies.com\/#\/schema\/logo\/image\/","url":"https:\/\/www.wisaustrategies.com\/wp-content\/uploads\/2022\/11\/logo-1.png","contentUrl":"https:\/\/www.wisaustrategies.com\/wp-content\/uploads\/2022\/11\/logo-1.png","width":241,"height":17,"caption":"WISAU STRATEGIES SAS"},"image":{"@id":"https:\/\/www.wisaustrategies.com\/#\/schema\/logo\/image\/"}}]}},"_links":{"self":[{"href":"https:\/\/www.wisaustrategies.com\/fr_FR\/wp-json\/wp\/v2\/pages\/190","targetHints":{"allow":["GET"]}}],"collection":[{"href":"https:\/\/www.wisaustrategies.com\/fr_FR\/wp-json\/wp\/v2\/pages"}],"about":[{"href":"https:\/\/www.wisaustrategies.com\/fr_FR\/wp-json\/wp\/v2\/types\/page"}],"author":[{"embeddable":true,"href":"https:\/\/www.wisaustrategies.com\/fr_FR\/wp-json\/wp\/v2\/users\/1"}],"replies":[{"embeddable":true,"href":"https:\/\/www.wisaustrategies.com\/fr_FR\/wp-json\/wp\/v2\/comments?post=190"}],"version-history":[{"count":14,"href":"https:\/\/www.wisaustrategies.com\/fr_FR\/wp-json\/wp\/v2\/pages\/190\/revisions"}],"predecessor-version":[{"id":719,"href":"https:\/\/www.wisaustrategies.com\/fr_FR\/wp-json\/wp\/v2\/pages\/190\/revisions\/719"}],"wp:attachment":[{"href":"https:\/\/www.wisaustrategies.com\/fr_FR\/wp-json\/wp\/v2\/media?parent=190"}],"curies":[{"name":"wp","href":"https:\/\/api.w.org\/{rel}","templated":true}]}}