{"id":180,"date":"2022-11-18T04:55:07","date_gmt":"2022-11-18T04:55:07","guid":{"rendered":"https:\/\/www.wisaustrategies.com\/?page_id=180"},"modified":"2022-11-25T09:37:45","modified_gmt":"2022-11-25T09:37:45","slug":"alphonse-w-ngana","status":"publish","type":"page","link":"https:\/\/www.wisaustrategies.com\/fr_FR\/alphonse-w-ngana\/","title":{"rendered":"Alphonse Willy NGANA MABIALA"},"content":{"rendered":"<div style=\"text-align: justify;\"><img decoding=\"async\" class=\"img-fluid border float-md-end ms-md-4 mb-4 w-50 img-thumbnail shadow\" src=\"https:\/\/www.wisaustrategies.com\/wp-content\/uploads\/2022\/11\/Alphonse.jpg\"\/><\/p>\n<p><strong>Alphonse Willy NGANA MABIALA,<\/strong> cofondateur et Administrateur Directeur G\u00e9n\u00e9ral, Kinshasa &amp; Amsterdam<\/p>\n<p>Entrepreneur, fondateur et administrateur de soci\u00e9t\u00e9s, ayant un leadership fort et un track record dans le redressement et la transformation des entreprises en vue d\u2019une croissance durable et une profitabilit\u00e9 en particulier dans les entreprises des secteurs d\u2019agro-alimentaires, de manufacture et services financiers. Son leadership dans la strat\u00e9gie de relations publiques, la d\u00e9fense des int\u00e9r\u00eats priv\u00e9s et gouvernementaux ont permis d\u2019acc\u00e9l\u00e9rer les performances des entreprises. Assurer le plaidoyer avec insistance, en particulier sur la strat\u00e9gie, la croissance, la durabilit\u00e9 et la gouvernance, les politiques publiques, le d\u00e9veloppement \u00e9conomique et l\u2019efficacit\u00e9 du Conseil d\u2019Administration tant d\u2019organisations que des personnes est sa passion.<\/p>\n<p><b>\u00c0 PROPOS d\u2019Alphonse W. NGANA<\/b><\/p>\n<p>Willy NGANA totalise 19 ann\u00e9es d\u2019une exp\u00e9rience riche dans le management \u00e0 l\u2019international, sp\u00e9cialement en Afrique et moyen orient, mais aussi en Europe. Il poss\u00e8de \u00e9galement une solide exp\u00e9rience dans la direction g\u00e9n\u00e9rale, la direction financi\u00e8re, l\u2019audit interne, gestion de risques et, une grande exp\u00e9rience dans le Conseil d\u2019Administration \u00e0 la fois d\u2019entreprises priv\u00e9es et publiques ainsi que des organisations non gouvernementales.<\/p>\n<p>Alphonse Willy est dot\u00e9 d\u2019une exp\u00e9rience et d\u2019une compr\u00e9hension approfondie sur les enjeux et dynamique \u00e9conomique et social des pays, sur les politiques fiscales et de programme de d\u00e9veloppement \u00e9conomique particuli\u00e8rement en Afrique subsaharienne. Il est r\u00e9siliant et passionn\u00e9 d\u2019apporter et de transformer toute organisation dans laquelle il \u00e9volue, Alphonse Willy a fait preuve d\u2019une forte capacit\u00e9 de leadership dans le redressement d\u2019entreprises, le lancement tout comme l\u2019introduction en bourse, la gestion de crise et environnementale, sociale et la gouvernance. Il est actuellement Pr\u00e9sident du Conseil d\u2019Administration de FBN Banque RDC.<\/p>\n<p><b>EXP\u00c9RIENCE ANT\u00c9RIEURE<\/b><\/p>\n<p>\u2022 HEINEKEIN INTERNATIONAL GROUP: Directeur du d\u00e9veloppement de projets d\u2019affaires pour la zone Afrique et moyen orient, Amsterdam, Hollande,<br \/>\n\u2022 SIERRA LEONE BREWERYLTD: Administrateur Directeur G\u00e9n\u00e9ral\/Directeur pays, Freetown, Sierra L\u00e9one,<br \/>\n\u2022 BRALIRWA SA: Directeur financier, Kigali, Rwanda,<br \/>\n\u2022 BOURSE DU RWANDA: Cr\u00e9ation de la Bourse du Rwanda par l\u2019introduction en bourse (IPO) de la Bralirwa a Kigali, Rwanda,<br \/>\n\u2022 MILLENIUM CHALLENGE CORPORATION USA(Sierra Leone Unit): Administrateur ind\u00e9pendant, Freetown Sierra Leone<br \/>\n\u2022 CHAMBRE DE COMMERCE DE SIERRA L\u00c9ONE: Membre du Conseil, Freetown Sierra Leone<\/p>\n<p><b>DIPL\u00d4MES ET FORMATIONS<\/b><\/p>\n<p>\u2022 Master en \u00e9conomies, Institut Sup\u00e9rieur de Commerce, Kinshasa, RDC<br \/>\n\u2022 INSEAD France, Leadership IMAC et General Manager training<br \/>\n\u2022 Harvard Business School USA, Leadership<br \/>\n\u2022 IMD Lausanne Switzerland, High Effective Board of Director<\/p>\n<p><b>EXPERTISE<\/b><\/p>\n<p>\u2022 Directeur G\u00e9n\u00e9ral et Directeur Financier<br \/>\n\u2022 Conseil d\u2019Administration<br \/>\n\u2022 Strat\u00e9gie, redressement, transformation, changement d\u2019organisation, innovation et produits<br \/>\n\u2022 Gestion de risques, audit interne &amp; contr\u00f4le internes<br \/>\n\u2022 Relations Publiques: Public Affaires s &amp; lobbying:<br \/>\n\u2022 Banque<br \/>\n\u2022 Organisation non gouvernementale<br \/>\n\u2022 Environnement social &amp; gouvernance<br \/>\n\u2022 Gestion de crise et continuit\u00e9 des affaires<\/p>\n<p><b>PAYS de travail<\/b><br \/>\n\u2022 Europe: Hollande, France, Espagne, Irlande, Italie<br \/>\n\u2022 Afrique &amp; Moyen orient: RDC, Egypte, Tunisie, Alg\u00e9rie, C\u00f4te d\u2019Ivoire, Sierra Leone, Nig\u00e9ria, Ethiopie, Rwanda, Burundi, Angola, Namibie, R\u00e9publique d\u2019Afrique du Sud, Liban, Arabie Saoudite.<br \/>\n\u2022 Asie: Nouvelle Cal\u00e9donie<br \/>\n\u2022 Antilles: Guadeloupe et Martinique<\/p>\n<\/div>\n","protected":false},"excerpt":{"rendered":"<div style=\"text-align: justify;\"><img decoding=\"async\" class=\"img-fluid border float-md-end ms-md-4 mb-4 w-50 img-thumbnail shadow\" src=\"https:\/\/www.wisaustrategies.com\/wp-content\/uploads\/2022\/11\/Alphonse.jpg\"><\/p>\n<p><strong>Alphonse Willy NGANA MABIALA,<\/strong> cofonda&#8230;<\/p>\n","protected":false},"author":1,"featured_media":0,"parent":0,"menu_order":0,"comment_status":"closed","ping_status":"closed","template":"","meta":{"footnotes":""},"class_list":["post-180","page","type-page","status-publish","hentry"],"acf":[],"yoast_head":"<!-- This site is optimized with the Yoast SEO plugin v19.11 - https:\/\/yoast.com\/wordpress\/plugins\/seo\/ -->\n<title>Alphonse Willy NGANA MABIALA - WISAU STRATEGIES SAS - unlocking people&#039;s wealth<\/title>\n<meta name=\"description\" content=\"Whatever the nature of your business concerns, please do feel free to contact us and, you are invited to visit our website regularly. WISAU STRATEGIES S.A.S\u2019s mission is to respond quickly to your expectations, considering the specificities of your respective sector business activities.\" \/>\n<meta name=\"robots\" content=\"index, follow, max-snippet:-1, max-image-preview:large, max-video-preview:-1\" \/>\n<link rel=\"canonical\" href=\"https:\/\/www.wisaustrategies.com\/en_US\/alphonse-w-ngana\/\" \/>\n<meta property=\"og:locale\" content=\"en_US\" \/>\n<meta property=\"og:type\" content=\"article\" \/>\n<meta property=\"og:title\" content=\"Alphonse Willy NGANA MABIALA - WISAU STRATEGIES SAS - unlocking people&#039;s wealth\" \/>\n<meta property=\"og:description\" content=\"Whatever the nature of your business concerns, please do feel free to contact us and, you are invited to visit our website regularly. WISAU STRATEGIES S.A.S\u2019s mission is to respond quickly to your expectations, considering the specificities of your respective sector business activities.\" \/>\n<meta property=\"og:url\" content=\"https:\/\/www.wisaustrategies.com\/en_US\/alphonse-w-ngana\/\" \/>\n<meta property=\"og:site_name\" content=\"WISAU STRATEGIES SAS\" \/>\n<meta property=\"article:modified_time\" content=\"2022-11-25T09:37:45+00:00\" \/>\n<meta property=\"og:image\" content=\"https:\/\/www.wisaustrategies.com\/wp-content\/uploads\/2022\/11\/Alphonse.jpg\" \/>\n<meta name=\"twitter:card\" content=\"summary_large_image\" \/>\n<meta name=\"twitter:label1\" content=\"Est. reading time\" \/>\n\t<meta name=\"twitter:data1\" content=\"3 minutes\" \/>\n<script type=\"application\/ld+json\" class=\"yoast-schema-graph\">{\"@context\":\"https:\/\/schema.org\",\"@graph\":[{\"@type\":\"WebPage\",\"@id\":\"https:\/\/www.wisaustrategies.com\/en_US\/alphonse-w-ngana\/\",\"url\":\"https:\/\/www.wisaustrategies.com\/en_US\/alphonse-w-ngana\/\",\"name\":\"Alphonse Willy NGANA MABIALA - WISAU STRATEGIES SAS - unlocking people&#039;s wealth\",\"isPartOf\":{\"@id\":\"https:\/\/www.wisaustrategies.com\/#website\"},\"datePublished\":\"2022-11-18T04:55:07+00:00\",\"dateModified\":\"2022-11-25T09:37:45+00:00\",\"description\":\"Whatever the nature of your business concerns, please do feel free to contact us and, you are invited to visit our website regularly. WISAU STRATEGIES S.A.S\u2019s mission is to respond quickly to your expectations, considering the specificities of your respective sector business activities.\",\"breadcrumb\":{\"@id\":\"https:\/\/www.wisaustrategies.com\/en_US\/alphonse-w-ngana\/#breadcrumb\"},\"inLanguage\":\"en-US\",\"potentialAction\":[{\"@type\":\"ReadAction\",\"target\":[\"https:\/\/www.wisaustrategies.com\/en_US\/alphonse-w-ngana\/\"]}]},{\"@type\":\"BreadcrumbList\",\"@id\":\"https:\/\/www.wisaustrategies.com\/en_US\/alphonse-w-ngana\/#breadcrumb\",\"itemListElement\":[{\"@type\":\"ListItem\",\"position\":1,\"name\":\"Home\",\"item\":\"https:\/\/www.wisaustrategies.com\/en_US\/\"},{\"@type\":\"ListItem\",\"position\":2,\"name\":\"Alphonse Willy NGANA MABIALA\"}]},{\"@type\":\"WebSite\",\"@id\":\"https:\/\/www.wisaustrategies.com\/#website\",\"url\":\"https:\/\/www.wisaustrategies.com\/\",\"name\":\"WISAU STRATEGIES SAS\",\"description\":\"unlocking people&#039;s wealth\",\"publisher\":{\"@id\":\"https:\/\/www.wisaustrategies.com\/#organization\"},\"potentialAction\":[{\"@type\":\"SearchAction\",\"target\":{\"@type\":\"EntryPoint\",\"urlTemplate\":\"https:\/\/www.wisaustrategies.com\/?s={search_term_string}\"},\"query-input\":\"required name=search_term_string\"}],\"inLanguage\":\"en-US\"},{\"@type\":\"Organization\",\"@id\":\"https:\/\/www.wisaustrategies.com\/#organization\",\"name\":\"WISAU STRATEGIES SAS\",\"url\":\"https:\/\/www.wisaustrategies.com\/\",\"logo\":{\"@type\":\"ImageObject\",\"inLanguage\":\"en-US\",\"@id\":\"https:\/\/www.wisaustrategies.com\/#\/schema\/logo\/image\/\",\"url\":\"https:\/\/www.wisaustrategies.com\/wp-content\/uploads\/2022\/11\/logo-1.png\",\"contentUrl\":\"https:\/\/www.wisaustrategies.com\/wp-content\/uploads\/2022\/11\/logo-1.png\",\"width\":241,\"height\":17,\"caption\":\"WISAU STRATEGIES SAS\"},\"image\":{\"@id\":\"https:\/\/www.wisaustrategies.com\/#\/schema\/logo\/image\/\"}}]}<\/script>\n<!-- \/ Yoast SEO plugin. -->","yoast_head_json":{"title":"Alphonse Willy NGANA MABIALA - WISAU STRATEGIES SAS - unlocking people&#039;s wealth","description":"Whatever the nature of your business concerns, please do feel free to contact us and, you are invited to visit our website regularly. WISAU STRATEGIES S.A.S\u2019s mission is to respond quickly to your expectations, considering the specificities of your respective sector business activities.","robots":{"index":"index","follow":"follow","max-snippet":"max-snippet:-1","max-image-preview":"max-image-preview:large","max-video-preview":"max-video-preview:-1"},"canonical":"https:\/\/www.wisaustrategies.com\/en_US\/alphonse-w-ngana\/","og_locale":"en_US","og_type":"article","og_title":"Alphonse Willy NGANA MABIALA - WISAU STRATEGIES SAS - unlocking people&#039;s wealth","og_description":"Whatever the nature of your business concerns, please do feel free to contact us and, you are invited to visit our website regularly. WISAU STRATEGIES S.A.S\u2019s mission is to respond quickly to your expectations, considering the specificities of your respective sector business activities.","og_url":"https:\/\/www.wisaustrategies.com\/en_US\/alphonse-w-ngana\/","og_site_name":"WISAU STRATEGIES SAS","article_modified_time":"2022-11-25T09:37:45+00:00","og_image":[{"url":"https:\/\/www.wisaustrategies.com\/wp-content\/uploads\/2022\/11\/Alphonse.jpg"}],"twitter_card":"summary_large_image","twitter_misc":{"Est. reading time":"3 minutes"},"schema":{"@context":"https:\/\/schema.org","@graph":[{"@type":"WebPage","@id":"https:\/\/www.wisaustrategies.com\/en_US\/alphonse-w-ngana\/","url":"https:\/\/www.wisaustrategies.com\/en_US\/alphonse-w-ngana\/","name":"Alphonse Willy NGANA MABIALA - WISAU STRATEGIES SAS - unlocking people&#039;s wealth","isPartOf":{"@id":"https:\/\/www.wisaustrategies.com\/#website"},"datePublished":"2022-11-18T04:55:07+00:00","dateModified":"2022-11-25T09:37:45+00:00","description":"Whatever the nature of your business concerns, please do feel free to contact us and, you are invited to visit our website regularly. WISAU STRATEGIES S.A.S\u2019s mission is to respond quickly to your expectations, considering the specificities of your respective sector business activities.","breadcrumb":{"@id":"https:\/\/www.wisaustrategies.com\/en_US\/alphonse-w-ngana\/#breadcrumb"},"inLanguage":"en-US","potentialAction":[{"@type":"ReadAction","target":["https:\/\/www.wisaustrategies.com\/en_US\/alphonse-w-ngana\/"]}]},{"@type":"BreadcrumbList","@id":"https:\/\/www.wisaustrategies.com\/en_US\/alphonse-w-ngana\/#breadcrumb","itemListElement":[{"@type":"ListItem","position":1,"name":"Home","item":"https:\/\/www.wisaustrategies.com\/en_US\/"},{"@type":"ListItem","position":2,"name":"Alphonse Willy NGANA MABIALA"}]},{"@type":"WebSite","@id":"https:\/\/www.wisaustrategies.com\/#website","url":"https:\/\/www.wisaustrategies.com\/","name":"WISAU STRATEGIES SAS","description":"unlocking people&#039;s wealth","publisher":{"@id":"https:\/\/www.wisaustrategies.com\/#organization"},"potentialAction":[{"@type":"SearchAction","target":{"@type":"EntryPoint","urlTemplate":"https:\/\/www.wisaustrategies.com\/?s={search_term_string}"},"query-input":"required name=search_term_string"}],"inLanguage":"en-US"},{"@type":"Organization","@id":"https:\/\/www.wisaustrategies.com\/#organization","name":"WISAU STRATEGIES SAS","url":"https:\/\/www.wisaustrategies.com\/","logo":{"@type":"ImageObject","inLanguage":"en-US","@id":"https:\/\/www.wisaustrategies.com\/#\/schema\/logo\/image\/","url":"https:\/\/www.wisaustrategies.com\/wp-content\/uploads\/2022\/11\/logo-1.png","contentUrl":"https:\/\/www.wisaustrategies.com\/wp-content\/uploads\/2022\/11\/logo-1.png","width":241,"height":17,"caption":"WISAU STRATEGIES SAS"},"image":{"@id":"https:\/\/www.wisaustrategies.com\/#\/schema\/logo\/image\/"}}]}},"_links":{"self":[{"href":"https:\/\/www.wisaustrategies.com\/fr_FR\/wp-json\/wp\/v2\/pages\/180","targetHints":{"allow":["GET"]}}],"collection":[{"href":"https:\/\/www.wisaustrategies.com\/fr_FR\/wp-json\/wp\/v2\/pages"}],"about":[{"href":"https:\/\/www.wisaustrategies.com\/fr_FR\/wp-json\/wp\/v2\/types\/page"}],"author":[{"embeddable":true,"href":"https:\/\/www.wisaustrategies.com\/fr_FR\/wp-json\/wp\/v2\/users\/1"}],"replies":[{"embeddable":true,"href":"https:\/\/www.wisaustrategies.com\/fr_FR\/wp-json\/wp\/v2\/comments?post=180"}],"version-history":[{"count":15,"href":"https:\/\/www.wisaustrategies.com\/fr_FR\/wp-json\/wp\/v2\/pages\/180\/revisions"}],"predecessor-version":[{"id":713,"href":"https:\/\/www.wisaustrategies.com\/fr_FR\/wp-json\/wp\/v2\/pages\/180\/revisions\/713"}],"wp:attachment":[{"href":"https:\/\/www.wisaustrategies.com\/fr_FR\/wp-json\/wp\/v2\/media?parent=180"}],"curies":[{"name":"wp","href":"https:\/\/api.w.org\/{rel}","templated":true}]}}