{"id":171,"date":"2022-11-18T04:45:56","date_gmt":"2022-11-18T04:45:56","guid":{"rendered":"https:\/\/www.wisaustrategies.com\/?page_id=171"},"modified":"2022-11-28T04:16:29","modified_gmt":"2022-11-28T04:16:29","slug":"ignace-meti-mabanza","status":"publish","type":"page","link":"https:\/\/www.wisaustrategies.com\/fr_FR\/ignace-meti-mabanza\/","title":{"rendered":"Ignace MABANZA METI"},"content":{"rendered":"<div style=\"text-align:justify;\">\n<img decoding=\"async\" src=\"https:\/\/www.wisaustrategies.com\/wp-content\/uploads\/2022\/11\/Ignace-MABANZA.jpg\" class=\"img-fluid border float-md-end ms-md-4 mb-4 w-50  img-thumbnail shadow\"\/><br \/>\n<strong>Ignace MABANZA METI<\/strong> Cofondateur et Pr\u00e9sident du Conseil d\u2019Administration, Kinshasa, en R\u00e9publique D\u00e9mocratique du Congo<\/p>\n<p><strong>\u00c0 PROPOS DE Ignace MABANZA METI<\/strong><\/p>\n<p>\u00c0 ce jour, Meti a eu une riche carri\u00e8re professionnelle ax\u00e9e sur des r\u00e9sultats. Durant plus de 35 ans, il a acquis une grande exp\u00e9rience en gouvernance, gestion et leadership essentiellement dans trois banques de premier rang, en R\u00e9publique D\u00e9mocratique du Congo et en Afrique de l\u2019Ouest (Niger, S\u00e9n\u00e9gal et Nig\u00e9ria).<\/p>\n<p>Il a d\u00e9but\u00e9 sa longue carri\u00e8re bancaire en juin 1987 \u00e0 la Banque Commerciale du Congo (BCDC), actuellement Equity BCDC, en tant que \u00ab&nbsp;stagiaire en entreprise&nbsp;\u00bb.<\/p>\n<p>En janvier 1988, il est engag\u00e9 \u00e0 Citibank RDC comme Contr\u00f4leur Financier Adjoint. Au cours de ses 19 ann\u00e9es d\u2019exp\u00e9rience dans cette institution bancaire, il a exerc\u00e9 des hautes fonctions de direction dont celle de Directeur G\u00e9n\u00e9ral de 1998 \u00e0 2000. En tant que gestionnaire de CITI RDC, il a contribu\u00e9 \u00e0 maintenir les activit\u00e9s de la banque conform\u00e9ment aux objectifs et recommandations \u00e9dict\u00e9s par la maison-m\u00e8re, essentiellement dans un contexte s\u00e9curitaire et socio-\u00e9conomique extr\u00eamement difficile d\u2019un pays (RDC) post conflit.<\/p>\n<p>Au Conseil d\u2019Administration de CITI RDC, Meti a \u00e9t\u00e9 Administrateur ex\u00e9cutif pendant pr\u00e8s de 15 ans. Il a apport\u00e9 sa contribution \u00e0 la gouvernance de la banque, notamment en qualit\u00e9 de Secr\u00e9taire et ensuite, de Vice-Pr\u00e9sident du Conseil d\u2019Administration.<\/p>\n<p>Parmi ses grandes r\u00e9alisations dans le secteur bancaire de la RDC, il convient de mentionner la cr\u00e9ation, l\u2019implantation et l\u2019inauguration en septembre 2009 de la filiale congolaise d\u2019Access Bank Plc, l\u2019un des groupes bancaires leader du Nig\u00e9ria.<\/p>\n<p>Premier Directeur G\u00e9n\u00e9ral et CEO d\u2019Access Bank R.D. Congo SA, il a jou\u00e9 un r\u00f4le essentiel dans la phase de transition de la banque jusqu\u2019\u00e0 ce qu\u2019elle devienne pleinement op\u00e9rationnelle \u00e0 la satisfaction de ses clients et de toutes les parties prenantes, dont ses actionnaires.<\/p>\n<p>Son implication active dans la gestion et la gouvernance d\u2019Access Bank RDC au cours des 12 derni\u00e8res ann\u00e9es, successivement comme Administrateur Directeur G\u00e9n\u00e9ral et CEO, Administrateur non-ex\u00e9cutif et enfin Pr\u00e9sident du Conseil d\u2019Administration, a contribu\u00e9 \u00e0 stabiliser une banque bien contr\u00f4l\u00e9e, rentable, en pleine croissance, qui continue \u00e0 renforcer sa pr\u00e9sence (par l\u2019implantation d\u2019agences) sur le territoire national et sur laquelle l\u2019\u00e9conomie de la RDC compte.<\/p>\n<p>La transformation d\u2019Access Bank vers le num\u00e9rique (digitalisation) et l\u2019\u00e9rection du b\u00e2timent du si\u00e8ge social repr\u00e9sentent quelques-uns des d\u00e9fis que Meti a l\u00e9gu\u00e9 \u00e0 son successeur en octobre 2019, au moment o\u00f9 il achevait son dernier mandat l\u00e9gal en tant que Pr\u00e9sident du Conseil d\u2019Administration.<\/p>\n<p>Depuis ao\u00fbt 2020, il a \u00e9t\u00e9 s\u00e9lectionn\u00e9 et nomm\u00e9 Administrateur ind\u00e9pendant de Equity Banque Commerciale du Congo (Equity BCDC), la nouvelle filiale congolaise du grand groupe bancaire kenyan d\u00e9nomm\u00e9 Equity Group Holdings Plc et actuellement deuxi\u00e8me plus grande banque de la RDC.<\/p>\n<p>Meti est \u00e9galement le promoteur des quelques entreprises priv\u00e9es qu\u2019il g\u00e8re en RDC, dont CONGO FRET EXPRESS SARL, une soci\u00e9t\u00e9 de fret cr\u00e9\u00e9e en mai 2010.<br \/>\nPar ailleurs, il est l\u2019un des Cofondateurs et le Pr\u00e9sident du Conseil d\u2019Administration de <strong>WISAU STRATEGIES S.A.S.<\/strong>, un bureau d\u2019\u00e9tudes et de consultance r\u00e9cemment cr\u00e9\u00e9 (en juin 2022).<\/p>\n<p>Mari\u00e9, il est p\u00e8re de cinq (5) enfants.<\/p>\n<p><strong>SOCLE \u00c9DUCATIF ET FORMATIONS CONTINUES<\/strong><\/p>\n<p>Meti a fait toutes ses \u00e9tudes primaires et secondaires au Coll\u00e8ge Boboto \u00e0 Kinshasa, en R\u00e9publique D\u00e9mocratique du Congo, de 1966 \u00e0 1978. Cette phase de sa formation scolaire a \u00e9t\u00e9 sanctionn\u00e9e par un dipl\u00f4me d\u2019\u00c9tat.<\/p>\n<p>Il est \u00e9galement d\u00e9tenteur d\u2019une licence en sciences \u00e9conomiques appliqu\u00e9es (1984), d\u2019un dipl\u00f4me en sciences politique et administrative (1985) et enfin, d\u2019une ma\u00eetrise en administration et gestion (MBA de Louvain Business School) de l\u2019Universit\u00e9 Catholique de Louvain, \u00e0 Louvain-La-Neuve en Belgique.<\/p>\n<p>Au cours de sa carri\u00e8re professionnelle, Meti a particip\u00e9 \u00e0 plusieurs formations sp\u00e9cialis\u00e9es, dont les plus r\u00e9centes en strat\u00e9gie, cr\u00e9dit, risque et gestion des organisations, de la client\u00e8le et de l\u2019innovation, ont \u00e9t\u00e9 organis\u00e9es par Harvard Business School, soit sur place au campus de Boston aux Etats Unis d\u2019Am\u00e9rique, ou en ligne depuis le d\u00e9but de la pand\u00e9mie de COVID-19.<\/p>\n<p><strong>AUTRES RESPONSABILIT\u00c9S EXERC\u00c9ES<\/strong><\/p>\n<p>Meti a occup\u00e9 aussi les fonctions ci-apr\u00e8s&nbsp;:<\/p>\n<p>\u2022 Charg\u00e9 de cours (en Comptabilit\u00e9 et Finance) \u00e0 l\u2019ISC (Institut Sup\u00e9rieur de Commerce) de 1987 \u00e0 1993.<br \/>\n\u2022 Secr\u00e9taire Acad\u00e9mique de section (Graduat soir) \u00e0 l\u2019ISC de 1987 \u00e0 1993.<br \/>\n\u2022 Membre non ex\u00e9cutif du Conseil d\u2019Administration de la SOFIDE (Soci\u00e9t\u00e9 Financi\u00e8re de D\u00e9veloppement) si\u00e9geant pour le compte de l\u2019ACB (Association Congolaise des Banques), de 1998 \u00e0 2000.<br \/>\n\u2022 Administrateur non ex\u00e9cutif au Conseil d\u2019Administration de la FEC (F\u00e9d\u00e9ration des Entreprises du Congo) en 2000.<\/p>\n<p><strong>COMP\u00c9TENCES LINGUISTIQUES<\/strong><\/p>\n<p>Il est bilingue. Il s\u2019exprime et travaille indistinctement en fran\u00e7ais et en anglais. Il sied de noter qu\u2019il a \u00e9volu\u00e9 exclusivement dans les filiales de trois grands groupes bancaires anglophones \u00e0 savoir Citigroup, Access Bank Plc et Equity Group Holding Plc.<\/p>\n<p><strong>DOMAINES D\u2019EXPERTISE<\/strong><\/p>\n<p>Il se d\u00e9finit comme un cadre sup\u00e9rieur de banque, un expert financier, un d\u00e9veloppeur et gestionnaire de projets, un cr\u00e9ateur et chef d\u2019entreprises, un formateur et consultant pluridisciplinaire.<\/p>\n<p><strong>PAYS VISIT\u00c9S<\/strong><\/p>\n<p>AFRIQUE : R\u00e9publique du Congo (Brazzaville), Cameroun, C\u00f4te d\u2019Ivoire, Togo, S\u00e9n\u00e9gal, Niger, Nig\u00e9ria, Gambie, Zambie, Kenya, R\u00e9publique Sud-Africaine, Ghana, Rwanda, Ethiopie<br \/>\nEUROPE : Belgique, Pays-Bas, France, Espagne, Portugal, Allemagne, Royaume Uni, Turquie, Gr\u00e8ce, Luxemburg<br \/>\nAMERICA : Etats Unis d\u2019Am\u00e9rique, Canada<br \/>\nASIA : Inde, Emirats Arabes Unis (Duba\u00ef)<\/p>\n<\/div>\n","protected":false},"excerpt":{"rendered":"<div style=\"text-align:justify;\">\n<img decoding=\"async\" src=\"https:\/\/www.wisaustrategies.com\/wp-content\/uploads\/2022\/11\/Ignace-MABANZA.jpg\" class=\"img-fluid border float-md-end ms-md-4 mb-4 w-50  img-thumbnail shadow\"><br \/>\n<strong>Ignace MABANZA METI<\/strong> Cofondateur&#8230;<\/p>\n","protected":false},"author":1,"featured_media":0,"parent":0,"menu_order":0,"comment_status":"closed","ping_status":"closed","template":"","meta":{"footnotes":""},"class_list":["post-171","page","type-page","status-publish","hentry"],"acf":[],"yoast_head":"<!-- This site is optimized with the Yoast SEO plugin v19.11 - https:\/\/yoast.com\/wordpress\/plugins\/seo\/ -->\n<title>Ignace MABANZA METI - WISAU STRATEGIES SAS - unlocking people&#039;s wealth<\/title>\n<meta name=\"description\" content=\"Whatever the nature of your business concerns, please do feel free to contact us and, you are invited to visit our website regularly. WISAU STRATEGIES S.A.S\u2019s mission is to respond quickly to your expectations, considering the specificities of your respective sector business activities.\" \/>\n<meta name=\"robots\" content=\"index, follow, max-snippet:-1, max-image-preview:large, max-video-preview:-1\" \/>\n<link rel=\"canonical\" href=\"https:\/\/www.wisaustrategies.com\/en_US\/ignace-meti-mabanza\/\" \/>\n<meta property=\"og:locale\" content=\"en_US\" \/>\n<meta property=\"og:type\" content=\"article\" \/>\n<meta property=\"og:title\" content=\"Ignace MABANZA METI - WISAU STRATEGIES SAS - unlocking people&#039;s wealth\" \/>\n<meta property=\"og:description\" content=\"Whatever the nature of your business concerns, please do feel free to contact us and, you are invited to visit our website regularly. WISAU STRATEGIES S.A.S\u2019s mission is to respond quickly to your expectations, considering the specificities of your respective sector business activities.\" \/>\n<meta property=\"og:url\" content=\"https:\/\/www.wisaustrategies.com\/en_US\/ignace-meti-mabanza\/\" \/>\n<meta property=\"og:site_name\" content=\"WISAU STRATEGIES SAS\" \/>\n<meta property=\"article:modified_time\" content=\"2022-11-28T04:16:29+00:00\" \/>\n<meta property=\"og:image\" content=\"https:\/\/www.wisaustrategies.com\/wp-content\/uploads\/2022\/11\/Ignace-MABANZA.jpg\" \/>\n<meta name=\"twitter:card\" content=\"summary_large_image\" \/>\n<meta name=\"twitter:label1\" content=\"Est. reading time\" \/>\n\t<meta name=\"twitter:data1\" content=\"4 minutes\" \/>\n<script type=\"application\/ld+json\" class=\"yoast-schema-graph\">{\"@context\":\"https:\/\/schema.org\",\"@graph\":[{\"@type\":\"WebPage\",\"@id\":\"https:\/\/www.wisaustrategies.com\/en_US\/ignace-meti-mabanza\/\",\"url\":\"https:\/\/www.wisaustrategies.com\/en_US\/ignace-meti-mabanza\/\",\"name\":\"Ignace MABANZA METI - WISAU STRATEGIES SAS - unlocking people&#039;s wealth\",\"isPartOf\":{\"@id\":\"https:\/\/www.wisaustrategies.com\/#website\"},\"datePublished\":\"2022-11-18T04:45:56+00:00\",\"dateModified\":\"2022-11-28T04:16:29+00:00\",\"description\":\"Whatever the nature of your business concerns, please do feel free to contact us and, you are invited to visit our website regularly. WISAU STRATEGIES S.A.S\u2019s mission is to respond quickly to your expectations, considering the specificities of your respective sector business activities.\",\"breadcrumb\":{\"@id\":\"https:\/\/www.wisaustrategies.com\/en_US\/ignace-meti-mabanza\/#breadcrumb\"},\"inLanguage\":\"en-US\",\"potentialAction\":[{\"@type\":\"ReadAction\",\"target\":[\"https:\/\/www.wisaustrategies.com\/en_US\/ignace-meti-mabanza\/\"]}]},{\"@type\":\"BreadcrumbList\",\"@id\":\"https:\/\/www.wisaustrategies.com\/en_US\/ignace-meti-mabanza\/#breadcrumb\",\"itemListElement\":[{\"@type\":\"ListItem\",\"position\":1,\"name\":\"Home\",\"item\":\"https:\/\/www.wisaustrategies.com\/en_US\/\"},{\"@type\":\"ListItem\",\"position\":2,\"name\":\"Ignace MABANZA METI\"}]},{\"@type\":\"WebSite\",\"@id\":\"https:\/\/www.wisaustrategies.com\/#website\",\"url\":\"https:\/\/www.wisaustrategies.com\/\",\"name\":\"WISAU STRATEGIES SAS\",\"description\":\"unlocking people&#039;s wealth\",\"publisher\":{\"@id\":\"https:\/\/www.wisaustrategies.com\/#organization\"},\"potentialAction\":[{\"@type\":\"SearchAction\",\"target\":{\"@type\":\"EntryPoint\",\"urlTemplate\":\"https:\/\/www.wisaustrategies.com\/?s={search_term_string}\"},\"query-input\":\"required name=search_term_string\"}],\"inLanguage\":\"en-US\"},{\"@type\":\"Organization\",\"@id\":\"https:\/\/www.wisaustrategies.com\/#organization\",\"name\":\"WISAU STRATEGIES SAS\",\"url\":\"https:\/\/www.wisaustrategies.com\/\",\"logo\":{\"@type\":\"ImageObject\",\"inLanguage\":\"en-US\",\"@id\":\"https:\/\/www.wisaustrategies.com\/#\/schema\/logo\/image\/\",\"url\":\"https:\/\/www.wisaustrategies.com\/wp-content\/uploads\/2022\/11\/logo-1.png\",\"contentUrl\":\"https:\/\/www.wisaustrategies.com\/wp-content\/uploads\/2022\/11\/logo-1.png\",\"width\":241,\"height\":17,\"caption\":\"WISAU STRATEGIES SAS\"},\"image\":{\"@id\":\"https:\/\/www.wisaustrategies.com\/#\/schema\/logo\/image\/\"}}]}<\/script>\n<!-- \/ Yoast SEO plugin. -->","yoast_head_json":{"title":"Ignace MABANZA METI - WISAU STRATEGIES SAS - unlocking people&#039;s wealth","description":"Whatever the nature of your business concerns, please do feel free to contact us and, you are invited to visit our website regularly. WISAU STRATEGIES S.A.S\u2019s mission is to respond quickly to your expectations, considering the specificities of your respective sector business activities.","robots":{"index":"index","follow":"follow","max-snippet":"max-snippet:-1","max-image-preview":"max-image-preview:large","max-video-preview":"max-video-preview:-1"},"canonical":"https:\/\/www.wisaustrategies.com\/en_US\/ignace-meti-mabanza\/","og_locale":"en_US","og_type":"article","og_title":"Ignace MABANZA METI - WISAU STRATEGIES SAS - unlocking people&#039;s wealth","og_description":"Whatever the nature of your business concerns, please do feel free to contact us and, you are invited to visit our website regularly. WISAU STRATEGIES S.A.S\u2019s mission is to respond quickly to your expectations, considering the specificities of your respective sector business activities.","og_url":"https:\/\/www.wisaustrategies.com\/en_US\/ignace-meti-mabanza\/","og_site_name":"WISAU STRATEGIES SAS","article_modified_time":"2022-11-28T04:16:29+00:00","og_image":[{"url":"https:\/\/www.wisaustrategies.com\/wp-content\/uploads\/2022\/11\/Ignace-MABANZA.jpg"}],"twitter_card":"summary_large_image","twitter_misc":{"Est. reading time":"4 minutes"},"schema":{"@context":"https:\/\/schema.org","@graph":[{"@type":"WebPage","@id":"https:\/\/www.wisaustrategies.com\/en_US\/ignace-meti-mabanza\/","url":"https:\/\/www.wisaustrategies.com\/en_US\/ignace-meti-mabanza\/","name":"Ignace MABANZA METI - WISAU STRATEGIES SAS - unlocking people&#039;s wealth","isPartOf":{"@id":"https:\/\/www.wisaustrategies.com\/#website"},"datePublished":"2022-11-18T04:45:56+00:00","dateModified":"2022-11-28T04:16:29+00:00","description":"Whatever the nature of your business concerns, please do feel free to contact us and, you are invited to visit our website regularly. WISAU STRATEGIES S.A.S\u2019s mission is to respond quickly to your expectations, considering the specificities of your respective sector business activities.","breadcrumb":{"@id":"https:\/\/www.wisaustrategies.com\/en_US\/ignace-meti-mabanza\/#breadcrumb"},"inLanguage":"en-US","potentialAction":[{"@type":"ReadAction","target":["https:\/\/www.wisaustrategies.com\/en_US\/ignace-meti-mabanza\/"]}]},{"@type":"BreadcrumbList","@id":"https:\/\/www.wisaustrategies.com\/en_US\/ignace-meti-mabanza\/#breadcrumb","itemListElement":[{"@type":"ListItem","position":1,"name":"Home","item":"https:\/\/www.wisaustrategies.com\/en_US\/"},{"@type":"ListItem","position":2,"name":"Ignace MABANZA METI"}]},{"@type":"WebSite","@id":"https:\/\/www.wisaustrategies.com\/#website","url":"https:\/\/www.wisaustrategies.com\/","name":"WISAU STRATEGIES SAS","description":"unlocking people&#039;s wealth","publisher":{"@id":"https:\/\/www.wisaustrategies.com\/#organization"},"potentialAction":[{"@type":"SearchAction","target":{"@type":"EntryPoint","urlTemplate":"https:\/\/www.wisaustrategies.com\/?s={search_term_string}"},"query-input":"required name=search_term_string"}],"inLanguage":"en-US"},{"@type":"Organization","@id":"https:\/\/www.wisaustrategies.com\/#organization","name":"WISAU STRATEGIES SAS","url":"https:\/\/www.wisaustrategies.com\/","logo":{"@type":"ImageObject","inLanguage":"en-US","@id":"https:\/\/www.wisaustrategies.com\/#\/schema\/logo\/image\/","url":"https:\/\/www.wisaustrategies.com\/wp-content\/uploads\/2022\/11\/logo-1.png","contentUrl":"https:\/\/www.wisaustrategies.com\/wp-content\/uploads\/2022\/11\/logo-1.png","width":241,"height":17,"caption":"WISAU STRATEGIES SAS"},"image":{"@id":"https:\/\/www.wisaustrategies.com\/#\/schema\/logo\/image\/"}}]}},"_links":{"self":[{"href":"https:\/\/www.wisaustrategies.com\/fr_FR\/wp-json\/wp\/v2\/pages\/171","targetHints":{"allow":["GET"]}}],"collection":[{"href":"https:\/\/www.wisaustrategies.com\/fr_FR\/wp-json\/wp\/v2\/pages"}],"about":[{"href":"https:\/\/www.wisaustrategies.com\/fr_FR\/wp-json\/wp\/v2\/types\/page"}],"author":[{"embeddable":true,"href":"https:\/\/www.wisaustrategies.com\/fr_FR\/wp-json\/wp\/v2\/users\/1"}],"replies":[{"embeddable":true,"href":"https:\/\/www.wisaustrategies.com\/fr_FR\/wp-json\/wp\/v2\/comments?post=171"}],"version-history":[{"count":29,"href":"https:\/\/www.wisaustrategies.com\/fr_FR\/wp-json\/wp\/v2\/pages\/171\/revisions"}],"predecessor-version":[{"id":729,"href":"https:\/\/www.wisaustrategies.com\/fr_FR\/wp-json\/wp\/v2\/pages\/171\/revisions\/729"}],"wp:attachment":[{"href":"https:\/\/www.wisaustrategies.com\/fr_FR\/wp-json\/wp\/v2\/media?parent=171"}],"curies":[{"name":"wp","href":"https:\/\/api.w.org\/{rel}","templated":true}]}}