{"id":16,"date":"2022-11-14T07:18:14","date_gmt":"2022-11-14T07:18:14","guid":{"rendered":"https:\/\/www.wisaustrategies.com\/?page_id=16"},"modified":"2022-11-24T07:18:21","modified_gmt":"2022-11-24T07:18:21","slug":"about-us","status":"publish","type":"page","link":"https:\/\/www.wisaustrategies.com\/fr_FR\/about-us\/","title":{"rendered":"\u00c0 Propos De Nous"},"content":{"rendered":"<p>WISAU STRATEGIES S.A.S. est un cabinet pluridisciplinaire et multisectoriel dont l\u2019intervention s\u2019inscrit prioritairement dans les grands axes ci-apr\u00e8s:<\/p>\n<p>&#8211;\t\u00c9tudes, conseils, encadrement technique et suivi personnalis\u00e9;<br \/>\n&#8211;\tStrat\u00e9gies, organisation, gouvernance, planification, proc\u00e9dures, politiques;<br \/>\n&#8211;\tIng\u00e9nierie financi\u00e8re et recherche de financement adapt\u00e9;<br \/>\n&#8211;\tConception, accompagnement, mise en oeuvre et \u00e9valuation de projets de d\u00e9veloppement;<br \/>\n&#8211;\t\u00c9tudes d\u2019impact environnemental et social;<br \/>\n&#8211;\tRepr\u00e9sentation, partenariat, lobbying et public affairs;<br \/>\n&#8211;\tFormations et renforcement de capacit\u00e9s;<br \/>\n&#8211;\tRecouvrement de cr\u00e9ances.<br \/>\nR\u00e9cemment cr\u00e9e \u00e0 Kinshasa, en R\u00e9publique D\u00e9mocratique du Congo, notre cabinet a une vocation panafricaine. Il se veut \u00eatre l\u2019une des portes d\u2019entr\u00e9e des investissements porteurs de croissance et cr\u00e9ateur d\u2019emploi en R\u00e9publique D\u00e9mocratique du Congo et en Afrique.<br \/>\nIl est anim\u00e9 par une \u00e9quipe d\u2019experts parfaitement bilingues (fran\u00e7ais et anglais), dot\u00e9s de longues exp\u00e9riences professionnelles dans les Institutions de renom tant au niveau national qu\u2019\u00e0 l\u2019international.<\/p>\n<p>En qu\u00eate de fructueux \u00e9changes d\u2019exp\u00e9riences, WISAU STRATEGIES est ouvert \u00e0 un partenariat intellectuel de haut niveau avec des cabinets s\u00e9rieux op\u00e9rant dans les r\u00e9gions o\u00f9 il n\u2019est pas encore repr\u00e9sent\u00e9. Son champ de collaboration ne se limite pas \u00e0 une zone g\u00e9ographique sp\u00e9cifique.<\/p>\n<p>NOTRE MISSION<\/p>\n<p>Contribuer \u00e0 l\u2019am\u00e9lioration constante du bien-\u00eatre social \u00e0 travers l\u2019encadrement des besoins de financement, l\u2019accompagnement technique des projets porteurs de croissance et de d\u00e9veloppement, et la collaboration dans la stabilisation des cadres macro-\u00e9conomiques attrayant pour les nouveaux investissements et propices \u00e0 l\u2019\u00e9mergence socio-\u00e9conomique. D\u2019o\u00f9 notre slogan : \u00ab Lib\u00e9rer la richesse des individus \u00bb.<\/p>\n<p>NOTRE VISION<\/p>\n<p>Dans un horizon \u00e0 moyen terme, WISAU STRATEGIES entend s\u2019imposer comme un des partenaires privil\u00e9gi\u00e9s de ses clients cibles dans leur qu\u00eate de la croissance, de la bonne gouvernance et du plein emploi, en leur offrant un accompagnement professionnel adapt\u00e9 \u00e0 leurs besoins et conforme aux standards internationaux.<\/p>\n<p>NOS VALEURS<\/p>\n<p>L\u2019efficacit\u00e9 de notre action se fonde sur les valeurs suivantes :<\/p>\n<p>&#8211;\tProfessionnalisme,<br \/>\n&#8211;\tEthique,<br \/>\n&#8211;\tGouvernance,<br \/>\n&#8211;\tR\u00e9alisme,<br \/>\n&#8211;\tD\u00e9termination.<\/p>\n","protected":false},"excerpt":{"rendered":"<p>WISAU STRATEGIES S.A.S. est un cabinet pluridisciplinaire et multisectoriel dont l\u2019intervention s\u2019inscrit prioritairement dans les grands axes ci-apr\u00e8s:<\/p>\n<p>&#8211;\t\u00c9tudes, conseils, encadrement technique et suivi personnalis\u00e9;<br \/>\n&#8211;\tStrat\u00e9gies, organisation, gou&#8230;<\/p>\n","protected":false},"author":1,"featured_media":32,"parent":0,"menu_order":0,"comment_status":"closed","ping_status":"closed","template":"","meta":{"footnotes":""},"class_list":["post-16","page","type-page","status-publish","has-post-thumbnail","hentry"],"acf":[],"yoast_head":"<!-- This site is optimized with the Yoast SEO plugin v19.11 - https:\/\/yoast.com\/wordpress\/plugins\/seo\/ -->\n<title>\u00c0 Propos De Nous - WISAU STRATEGIES SAS - unlocking people&#039;s wealth<\/title>\n<meta name=\"description\" content=\"Whatever the nature of your business concerns, please do feel free to contact us and, you are invited to visit our website regularly. WISAU STRATEGIES S.A.S\u2019s mission is to respond quickly to your expectations, considering the specificities of your respective sector business activities.\" \/>\n<meta name=\"robots\" content=\"index, follow, max-snippet:-1, max-image-preview:large, max-video-preview:-1\" \/>\n<link rel=\"canonical\" href=\"https:\/\/www.wisaustrategies.com\/en_US\/about-us\/\" \/>\n<meta property=\"og:locale\" content=\"en_US\" \/>\n<meta property=\"og:type\" content=\"article\" \/>\n<meta property=\"og:title\" content=\"\u00c0 Propos De Nous - WISAU STRATEGIES SAS - unlocking people&#039;s wealth\" \/>\n<meta property=\"og:description\" content=\"Whatever the nature of your business concerns, please do feel free to contact us and, you are invited to visit our website regularly. WISAU STRATEGIES S.A.S\u2019s mission is to respond quickly to your expectations, considering the specificities of your respective sector business activities.\" \/>\n<meta property=\"og:url\" content=\"https:\/\/www.wisaustrategies.com\/en_US\/about-us\/\" \/>\n<meta property=\"og:site_name\" content=\"WISAU STRATEGIES SAS\" \/>\n<meta property=\"article:modified_time\" content=\"2022-11-24T07:18:21+00:00\" \/>\n<meta property=\"og:image\" content=\"https:\/\/www.wisaustrategies.com\/wp-content\/uploads\/2022\/11\/banner.jpg\" \/>\n\t<meta property=\"og:image:width\" content=\"1920\" \/>\n\t<meta property=\"og:image:height\" content=\"685\" \/>\n\t<meta property=\"og:image:type\" content=\"image\/jpeg\" \/>\n<meta name=\"twitter:card\" content=\"summary_large_image\" \/>\n<meta name=\"twitter:label1\" content=\"Est. reading time\" \/>\n\t<meta name=\"twitter:data1\" content=\"2 minutes\" \/>\n<script type=\"application\/ld+json\" class=\"yoast-schema-graph\">{\"@context\":\"https:\/\/schema.org\",\"@graph\":[{\"@type\":\"WebPage\",\"@id\":\"https:\/\/www.wisaustrategies.com\/en_US\/about-us\/\",\"url\":\"https:\/\/www.wisaustrategies.com\/en_US\/about-us\/\",\"name\":\"\u00c0 Propos De Nous - WISAU STRATEGIES SAS - unlocking people&#039;s wealth\",\"isPartOf\":{\"@id\":\"https:\/\/www.wisaustrategies.com\/#website\"},\"datePublished\":\"2022-11-14T07:18:14+00:00\",\"dateModified\":\"2022-11-24T07:18:21+00:00\",\"description\":\"Whatever the nature of your business concerns, please do feel free to contact us and, you are invited to visit our website regularly. WISAU STRATEGIES S.A.S\u2019s mission is to respond quickly to your expectations, considering the specificities of your respective sector business activities.\",\"breadcrumb\":{\"@id\":\"https:\/\/www.wisaustrategies.com\/en_US\/about-us\/#breadcrumb\"},\"inLanguage\":\"en-US\",\"potentialAction\":[{\"@type\":\"ReadAction\",\"target\":[\"https:\/\/www.wisaustrategies.com\/en_US\/about-us\/\"]}]},{\"@type\":\"BreadcrumbList\",\"@id\":\"https:\/\/www.wisaustrategies.com\/en_US\/about-us\/#breadcrumb\",\"itemListElement\":[{\"@type\":\"ListItem\",\"position\":1,\"name\":\"Home\",\"item\":\"https:\/\/www.wisaustrategies.com\/en_US\/\"},{\"@type\":\"ListItem\",\"position\":2,\"name\":\"About Us\"}]},{\"@type\":\"WebSite\",\"@id\":\"https:\/\/www.wisaustrategies.com\/#website\",\"url\":\"https:\/\/www.wisaustrategies.com\/\",\"name\":\"WISAU STRATEGIES SAS\",\"description\":\"unlocking people&#039;s wealth\",\"publisher\":{\"@id\":\"https:\/\/www.wisaustrategies.com\/#organization\"},\"potentialAction\":[{\"@type\":\"SearchAction\",\"target\":{\"@type\":\"EntryPoint\",\"urlTemplate\":\"https:\/\/www.wisaustrategies.com\/?s={search_term_string}\"},\"query-input\":\"required name=search_term_string\"}],\"inLanguage\":\"en-US\"},{\"@type\":\"Organization\",\"@id\":\"https:\/\/www.wisaustrategies.com\/#organization\",\"name\":\"WISAU STRATEGIES SAS\",\"url\":\"https:\/\/www.wisaustrategies.com\/\",\"logo\":{\"@type\":\"ImageObject\",\"inLanguage\":\"en-US\",\"@id\":\"https:\/\/www.wisaustrategies.com\/#\/schema\/logo\/image\/\",\"url\":\"https:\/\/www.wisaustrategies.com\/wp-content\/uploads\/2022\/11\/logo-1.png\",\"contentUrl\":\"https:\/\/www.wisaustrategies.com\/wp-content\/uploads\/2022\/11\/logo-1.png\",\"width\":241,\"height\":17,\"caption\":\"WISAU STRATEGIES SAS\"},\"image\":{\"@id\":\"https:\/\/www.wisaustrategies.com\/#\/schema\/logo\/image\/\"}}]}<\/script>\n<!-- \/ Yoast SEO plugin. -->","yoast_head_json":{"title":"\u00c0 Propos De Nous - WISAU STRATEGIES SAS - unlocking people&#039;s wealth","description":"Whatever the nature of your business concerns, please do feel free to contact us and, you are invited to visit our website regularly. WISAU STRATEGIES S.A.S\u2019s mission is to respond quickly to your expectations, considering the specificities of your respective sector business activities.","robots":{"index":"index","follow":"follow","max-snippet":"max-snippet:-1","max-image-preview":"max-image-preview:large","max-video-preview":"max-video-preview:-1"},"canonical":"https:\/\/www.wisaustrategies.com\/en_US\/about-us\/","og_locale":"en_US","og_type":"article","og_title":"\u00c0 Propos De Nous - WISAU STRATEGIES SAS - unlocking people&#039;s wealth","og_description":"Whatever the nature of your business concerns, please do feel free to contact us and, you are invited to visit our website regularly. WISAU STRATEGIES S.A.S\u2019s mission is to respond quickly to your expectations, considering the specificities of your respective sector business activities.","og_url":"https:\/\/www.wisaustrategies.com\/en_US\/about-us\/","og_site_name":"WISAU STRATEGIES SAS","article_modified_time":"2022-11-24T07:18:21+00:00","og_image":[{"width":1920,"height":685,"url":"https:\/\/www.wisaustrategies.com\/wp-content\/uploads\/2022\/11\/banner.jpg","type":"image\/jpeg"}],"twitter_card":"summary_large_image","twitter_misc":{"Est. reading time":"2 minutes"},"schema":{"@context":"https:\/\/schema.org","@graph":[{"@type":"WebPage","@id":"https:\/\/www.wisaustrategies.com\/en_US\/about-us\/","url":"https:\/\/www.wisaustrategies.com\/en_US\/about-us\/","name":"\u00c0 Propos De Nous - WISAU STRATEGIES SAS - unlocking people&#039;s wealth","isPartOf":{"@id":"https:\/\/www.wisaustrategies.com\/#website"},"datePublished":"2022-11-14T07:18:14+00:00","dateModified":"2022-11-24T07:18:21+00:00","description":"Whatever the nature of your business concerns, please do feel free to contact us and, you are invited to visit our website regularly. WISAU STRATEGIES S.A.S\u2019s mission is to respond quickly to your expectations, considering the specificities of your respective sector business activities.","breadcrumb":{"@id":"https:\/\/www.wisaustrategies.com\/en_US\/about-us\/#breadcrumb"},"inLanguage":"en-US","potentialAction":[{"@type":"ReadAction","target":["https:\/\/www.wisaustrategies.com\/en_US\/about-us\/"]}]},{"@type":"BreadcrumbList","@id":"https:\/\/www.wisaustrategies.com\/en_US\/about-us\/#breadcrumb","itemListElement":[{"@type":"ListItem","position":1,"name":"Home","item":"https:\/\/www.wisaustrategies.com\/en_US\/"},{"@type":"ListItem","position":2,"name":"About Us"}]},{"@type":"WebSite","@id":"https:\/\/www.wisaustrategies.com\/#website","url":"https:\/\/www.wisaustrategies.com\/","name":"WISAU STRATEGIES SAS","description":"unlocking people&#039;s wealth","publisher":{"@id":"https:\/\/www.wisaustrategies.com\/#organization"},"potentialAction":[{"@type":"SearchAction","target":{"@type":"EntryPoint","urlTemplate":"https:\/\/www.wisaustrategies.com\/?s={search_term_string}"},"query-input":"required name=search_term_string"}],"inLanguage":"en-US"},{"@type":"Organization","@id":"https:\/\/www.wisaustrategies.com\/#organization","name":"WISAU STRATEGIES SAS","url":"https:\/\/www.wisaustrategies.com\/","logo":{"@type":"ImageObject","inLanguage":"en-US","@id":"https:\/\/www.wisaustrategies.com\/#\/schema\/logo\/image\/","url":"https:\/\/www.wisaustrategies.com\/wp-content\/uploads\/2022\/11\/logo-1.png","contentUrl":"https:\/\/www.wisaustrategies.com\/wp-content\/uploads\/2022\/11\/logo-1.png","width":241,"height":17,"caption":"WISAU STRATEGIES SAS"},"image":{"@id":"https:\/\/www.wisaustrategies.com\/#\/schema\/logo\/image\/"}}]}},"_links":{"self":[{"href":"https:\/\/www.wisaustrategies.com\/fr_FR\/wp-json\/wp\/v2\/pages\/16","targetHints":{"allow":["GET"]}}],"collection":[{"href":"https:\/\/www.wisaustrategies.com\/fr_FR\/wp-json\/wp\/v2\/pages"}],"about":[{"href":"https:\/\/www.wisaustrategies.com\/fr_FR\/wp-json\/wp\/v2\/types\/page"}],"author":[{"embeddable":true,"href":"https:\/\/www.wisaustrategies.com\/fr_FR\/wp-json\/wp\/v2\/users\/1"}],"replies":[{"embeddable":true,"href":"https:\/\/www.wisaustrategies.com\/fr_FR\/wp-json\/wp\/v2\/comments?post=16"}],"version-history":[{"count":9,"href":"https:\/\/www.wisaustrategies.com\/fr_FR\/wp-json\/wp\/v2\/pages\/16\/revisions"}],"predecessor-version":[{"id":589,"href":"https:\/\/www.wisaustrategies.com\/fr_FR\/wp-json\/wp\/v2\/pages\/16\/revisions\/589"}],"wp:featuredmedia":[{"embeddable":true,"href":"https:\/\/www.wisaustrategies.com\/fr_FR\/wp-json\/wp\/v2\/media\/32"}],"wp:attachment":[{"href":"https:\/\/www.wisaustrategies.com\/fr_FR\/wp-json\/wp\/v2\/media?parent=16"}],"curies":[{"name":"wp","href":"https:\/\/api.w.org\/{rel}","templated":true}]}}