{"id":134,"date":"2022-11-17T16:35:10","date_gmt":"2022-11-17T16:35:10","guid":{"rendered":"https:\/\/www.wisaustrategies.com\/?page_id=134"},"modified":"2022-11-21T07:49:00","modified_gmt":"2022-11-21T07:49:00","slug":"our-team","status":"publish","type":"page","link":"https:\/\/www.wisaustrategies.com\/fr_FR\/our-team\/","title":{"rendered":"Notre \u00e9quipe"},"content":{"rendered":"<div class=\"row divider font-weight-light text-center\">\n<div class=\"col-md-4 my-3\">\n<div class=\"col wow fadeInUp\">\n<div class=\"block border shadow h-100 p-4\">\n<img decoding=\"async\" src=\"https:\/\/www.wisaustrategies.com\/wp-content\/uploads\/2022\/11\/Ignace-MABANZA-METI.jpg\" class=\"img-fluid\"\/><\/p>\n<h3 class=\"font-josefin my-4 font-medium\">IGNACE MABANZA METI<\/h3>\n<p class=\"mb-0\"> Cofondateur et Pr\u00e9sident du Conseil d\u2019Administration Expert \u2013 Consultant<\/p>\n<p><a href=\"https:\/\/www.wisaustrategies.com\/fr_FR\/ignace-meti-mabanza\/\" class=\"btn btn-success mt-xl-3 mt-2 btn-sm\">read more<\/a><\/p>\n<\/div>\n<\/div>\n<\/div>\n<div class=\"col-md-4 my-3\">\n<div class=\"col wow fadeInUp\">\n<div class=\"block border shadow h-100 p-4\">\n<img decoding=\"async\" src=\"https:\/\/www.wisaustrategies.com\/wp-content\/uploads\/2022\/11\/Alphonse-W.-NGANA.jpg\" class=\"img-fluid\"\/><\/p>\n<h3 class=\"font-josefin my-4 font-medium\">ALPHONSE W. NGANA<\/h3>\n<p class=\"mb-0\">co-fondateur &amp; Administrateur Directeur G\u00e9n\u00e9ral, Kinshasa &amp; Amsterdam.<\/p>\n<p><a href=\"https:\/\/www.wisaustrategies.com\/fr_FR\/alphonse-w-ngana\/\" class=\"btn btn-success mt-xl-3 mt-2 btn-sm\">read more<\/a><\/p>\n<\/div>\n<\/div>\n<\/div>\n<div class=\"col-md-4 my-3\">\n<div class=\"col wow fadeInUp\">\n<div class=\"block border shadow h-100 p-4\">\n<img decoding=\"async\" src=\"https:\/\/www.wisaustrategies.com\/wp-content\/uploads\/2022\/11\/Willy-KALOMBO-NSENDA.jpg\" class=\"img-fluid\"\/><\/p>\n<h3 class=\"font-josefin my-4 font-medium\">Willy KALOMBO N\u2019SENDA<\/h3>\n<p class=\"mb-0\">co-fondateur &amp; Administrateur ex\u00e9cutif<\/p>\n<p><a href=\"https:\/\/www.wisaustrategies.com\/fr_FR\/willy-kalombo-nsenda\/\" class=\"btn btn-success mt-xl-3 mt-2 btn-sm\">read more<\/a><\/p>\n<\/div>\n<\/div>\n<\/div>\n<\/div>\n<div class=\"row divider font-weight-light text-center\">\n<div class=\"col-md-4 my-3\">\n<div class=\"col wow fadeInUp\">\n<div class=\"block border shadow h-100 p-4\">\n<img decoding=\"async\" src=\"https:\/\/www.wisaustrategies.com\/wp-content\/uploads\/2022\/11\/Dr.-Aubin-MABANZA-NSEMY.jpg\" class=\"img-fluid\"\/><\/p>\n<h3 class=\"font-josefin my-4 font-medium\">Dr. AUBIN MABANZA N\u2019SEMY<\/h3>\n<p class=\"mb-0\"> Co-fondateur &amp; Administrateur &#8211; Secr\u00e9taire g\u00e9n\u00e9ral<\/p>\n<p><a href=\"https:\/\/www.wisaustrategies.com\/fr_FR\/dr-aubin-mabanza-nsemy\/\" class=\"btn btn-success mt-xl-3 mt-2 btn-sm\">read more<\/a><\/p>\n<\/div>\n<\/div>\n<\/div>\n<\/div>\n","protected":false},"excerpt":{"rendered":"<div class=\"row divider font-weight-light text-center\">\n<div class=\"col-md-4 my-3\">\n<div class=\"col wow fadeInUp\">\n<div class=\"block border shadow h-100 p-4\">\n<img decoding=\"async\" src=\"https:\/\/www.wisaustrategies.com\/wp-content\/uploads\/2022\/11\/Ignace-MABANZA-METI.jp...\n<\/p>\n","protected":false},"author":1,"featured_media":0,"parent":0,"menu_order":0,"comment_status":"closed","ping_status":"closed","template":"","meta":{"footnotes":""},"class_list":["post-134","page","type-page","status-publish","hentry"],"acf":[],"yoast_head":"<!-- This site is optimized with the Yoast SEO plugin v19.11 - https:\/\/yoast.com\/wordpress\/plugins\/seo\/ -->\n<title>Notre \u00e9quipe - WISAU STRATEGIES SAS - unlocking people&#039;s wealth<\/title>\n<meta name=\"description\" content=\"Whatever the nature of your business concerns, please do feel free to contact us and, you are invited to visit our website regularly. WISAU STRATEGIES S.A.S\u2019s mission is to respond quickly to your expectations, considering the specificities of your respective sector business activities.\" \/>\n<meta name=\"robots\" content=\"index, follow, max-snippet:-1, max-image-preview:large, max-video-preview:-1\" \/>\n<link rel=\"canonical\" href=\"https:\/\/www.wisaustrategies.com\/en_US\/our-team\/\" \/>\n<meta property=\"og:locale\" content=\"en_US\" \/>\n<meta property=\"og:type\" content=\"article\" \/>\n<meta property=\"og:title\" content=\"Notre \u00e9quipe - WISAU STRATEGIES SAS - unlocking people&#039;s wealth\" \/>\n<meta property=\"og:description\" content=\"Whatever the nature of your business concerns, please do feel free to contact us and, you are invited to visit our website regularly. WISAU STRATEGIES S.A.S\u2019s mission is to respond quickly to your expectations, considering the specificities of your respective sector business activities.\" \/>\n<meta property=\"og:url\" content=\"https:\/\/www.wisaustrategies.com\/en_US\/our-team\/\" \/>\n<meta property=\"og:site_name\" content=\"WISAU STRATEGIES SAS\" \/>\n<meta property=\"article:modified_time\" content=\"2022-11-21T07:49:00+00:00\" \/>\n<meta property=\"og:image\" content=\"https:\/\/www.wisaustrategies.com\/wp-content\/uploads\/2022\/11\/Ignace-MABANZA-METI.jpg\" \/>\n<meta name=\"twitter:card\" content=\"summary_large_image\" \/>\n<script type=\"application\/ld+json\" class=\"yoast-schema-graph\">{\"@context\":\"https:\/\/schema.org\",\"@graph\":[{\"@type\":\"WebPage\",\"@id\":\"https:\/\/www.wisaustrategies.com\/en_US\/our-team\/\",\"url\":\"https:\/\/www.wisaustrategies.com\/en_US\/our-team\/\",\"name\":\"Notre \u00e9quipe - WISAU STRATEGIES SAS - unlocking people&#039;s wealth\",\"isPartOf\":{\"@id\":\"https:\/\/www.wisaustrategies.com\/#website\"},\"datePublished\":\"2022-11-17T16:35:10+00:00\",\"dateModified\":\"2022-11-21T07:49:00+00:00\",\"description\":\"Whatever the nature of your business concerns, please do feel free to contact us and, you are invited to visit our website regularly. WISAU STRATEGIES S.A.S\u2019s mission is to respond quickly to your expectations, considering the specificities of your respective sector business activities.\",\"breadcrumb\":{\"@id\":\"https:\/\/www.wisaustrategies.com\/en_US\/our-team\/#breadcrumb\"},\"inLanguage\":\"en-US\",\"potentialAction\":[{\"@type\":\"ReadAction\",\"target\":[\"https:\/\/www.wisaustrategies.com\/en_US\/our-team\/\"]}]},{\"@type\":\"BreadcrumbList\",\"@id\":\"https:\/\/www.wisaustrategies.com\/en_US\/our-team\/#breadcrumb\",\"itemListElement\":[{\"@type\":\"ListItem\",\"position\":1,\"name\":\"Home\",\"item\":\"https:\/\/www.wisaustrategies.com\/en_US\/\"},{\"@type\":\"ListItem\",\"position\":2,\"name\":\"Our Team\"}]},{\"@type\":\"WebSite\",\"@id\":\"https:\/\/www.wisaustrategies.com\/#website\",\"url\":\"https:\/\/www.wisaustrategies.com\/\",\"name\":\"WISAU STRATEGIES SAS\",\"description\":\"unlocking people&#039;s wealth\",\"publisher\":{\"@id\":\"https:\/\/www.wisaustrategies.com\/#organization\"},\"potentialAction\":[{\"@type\":\"SearchAction\",\"target\":{\"@type\":\"EntryPoint\",\"urlTemplate\":\"https:\/\/www.wisaustrategies.com\/?s={search_term_string}\"},\"query-input\":\"required name=search_term_string\"}],\"inLanguage\":\"en-US\"},{\"@type\":\"Organization\",\"@id\":\"https:\/\/www.wisaustrategies.com\/#organization\",\"name\":\"WISAU STRATEGIES SAS\",\"url\":\"https:\/\/www.wisaustrategies.com\/\",\"logo\":{\"@type\":\"ImageObject\",\"inLanguage\":\"en-US\",\"@id\":\"https:\/\/www.wisaustrategies.com\/#\/schema\/logo\/image\/\",\"url\":\"https:\/\/www.wisaustrategies.com\/wp-content\/uploads\/2022\/11\/logo-1.png\",\"contentUrl\":\"https:\/\/www.wisaustrategies.com\/wp-content\/uploads\/2022\/11\/logo-1.png\",\"width\":241,\"height\":17,\"caption\":\"WISAU STRATEGIES SAS\"},\"image\":{\"@id\":\"https:\/\/www.wisaustrategies.com\/#\/schema\/logo\/image\/\"}}]}<\/script>\n<!-- \/ Yoast SEO plugin. -->","yoast_head_json":{"title":"Notre \u00e9quipe - WISAU STRATEGIES SAS - unlocking people&#039;s wealth","description":"Whatever the nature of your business concerns, please do feel free to contact us and, you are invited to visit our website regularly. WISAU STRATEGIES S.A.S\u2019s mission is to respond quickly to your expectations, considering the specificities of your respective sector business activities.","robots":{"index":"index","follow":"follow","max-snippet":"max-snippet:-1","max-image-preview":"max-image-preview:large","max-video-preview":"max-video-preview:-1"},"canonical":"https:\/\/www.wisaustrategies.com\/en_US\/our-team\/","og_locale":"en_US","og_type":"article","og_title":"Notre \u00e9quipe - WISAU STRATEGIES SAS - unlocking people&#039;s wealth","og_description":"Whatever the nature of your business concerns, please do feel free to contact us and, you are invited to visit our website regularly. WISAU STRATEGIES S.A.S\u2019s mission is to respond quickly to your expectations, considering the specificities of your respective sector business activities.","og_url":"https:\/\/www.wisaustrategies.com\/en_US\/our-team\/","og_site_name":"WISAU STRATEGIES SAS","article_modified_time":"2022-11-21T07:49:00+00:00","og_image":[{"url":"https:\/\/www.wisaustrategies.com\/wp-content\/uploads\/2022\/11\/Ignace-MABANZA-METI.jpg"}],"twitter_card":"summary_large_image","schema":{"@context":"https:\/\/schema.org","@graph":[{"@type":"WebPage","@id":"https:\/\/www.wisaustrategies.com\/en_US\/our-team\/","url":"https:\/\/www.wisaustrategies.com\/en_US\/our-team\/","name":"Notre \u00e9quipe - WISAU STRATEGIES SAS - unlocking people&#039;s wealth","isPartOf":{"@id":"https:\/\/www.wisaustrategies.com\/#website"},"datePublished":"2022-11-17T16:35:10+00:00","dateModified":"2022-11-21T07:49:00+00:00","description":"Whatever the nature of your business concerns, please do feel free to contact us and, you are invited to visit our website regularly. WISAU STRATEGIES S.A.S\u2019s mission is to respond quickly to your expectations, considering the specificities of your respective sector business activities.","breadcrumb":{"@id":"https:\/\/www.wisaustrategies.com\/en_US\/our-team\/#breadcrumb"},"inLanguage":"en-US","potentialAction":[{"@type":"ReadAction","target":["https:\/\/www.wisaustrategies.com\/en_US\/our-team\/"]}]},{"@type":"BreadcrumbList","@id":"https:\/\/www.wisaustrategies.com\/en_US\/our-team\/#breadcrumb","itemListElement":[{"@type":"ListItem","position":1,"name":"Home","item":"https:\/\/www.wisaustrategies.com\/en_US\/"},{"@type":"ListItem","position":2,"name":"Our Team"}]},{"@type":"WebSite","@id":"https:\/\/www.wisaustrategies.com\/#website","url":"https:\/\/www.wisaustrategies.com\/","name":"WISAU STRATEGIES SAS","description":"unlocking people&#039;s wealth","publisher":{"@id":"https:\/\/www.wisaustrategies.com\/#organization"},"potentialAction":[{"@type":"SearchAction","target":{"@type":"EntryPoint","urlTemplate":"https:\/\/www.wisaustrategies.com\/?s={search_term_string}"},"query-input":"required name=search_term_string"}],"inLanguage":"en-US"},{"@type":"Organization","@id":"https:\/\/www.wisaustrategies.com\/#organization","name":"WISAU STRATEGIES SAS","url":"https:\/\/www.wisaustrategies.com\/","logo":{"@type":"ImageObject","inLanguage":"en-US","@id":"https:\/\/www.wisaustrategies.com\/#\/schema\/logo\/image\/","url":"https:\/\/www.wisaustrategies.com\/wp-content\/uploads\/2022\/11\/logo-1.png","contentUrl":"https:\/\/www.wisaustrategies.com\/wp-content\/uploads\/2022\/11\/logo-1.png","width":241,"height":17,"caption":"WISAU STRATEGIES SAS"},"image":{"@id":"https:\/\/www.wisaustrategies.com\/#\/schema\/logo\/image\/"}}]}},"_links":{"self":[{"href":"https:\/\/www.wisaustrategies.com\/fr_FR\/wp-json\/wp\/v2\/pages\/134","targetHints":{"allow":["GET"]}}],"collection":[{"href":"https:\/\/www.wisaustrategies.com\/fr_FR\/wp-json\/wp\/v2\/pages"}],"about":[{"href":"https:\/\/www.wisaustrategies.com\/fr_FR\/wp-json\/wp\/v2\/types\/page"}],"author":[{"embeddable":true,"href":"https:\/\/www.wisaustrategies.com\/fr_FR\/wp-json\/wp\/v2\/users\/1"}],"replies":[{"embeddable":true,"href":"https:\/\/www.wisaustrategies.com\/fr_FR\/wp-json\/wp\/v2\/comments?post=134"}],"version-history":[{"count":17,"href":"https:\/\/www.wisaustrategies.com\/fr_FR\/wp-json\/wp\/v2\/pages\/134\/revisions"}],"predecessor-version":[{"id":456,"href":"https:\/\/www.wisaustrategies.com\/fr_FR\/wp-json\/wp\/v2\/pages\/134\/revisions\/456"}],"wp:attachment":[{"href":"https:\/\/www.wisaustrategies.com\/fr_FR\/wp-json\/wp\/v2\/media?parent=134"}],"curies":[{"name":"wp","href":"https:\/\/api.w.org\/{rel}","templated":true}]}}