{"id":10,"date":"2022-11-14T07:17:40","date_gmt":"2022-11-14T07:17:40","guid":{"rendered":"https:\/\/www.wisaustrategies.com\/?page_id=10"},"modified":"2022-11-25T04:14:05","modified_gmt":"2022-11-25T04:14:05","slug":"consulting-services","status":"publish","type":"page","link":"https:\/\/www.wisaustrategies.com\/fr_FR\/consulting-services\/","title":{"rendered":"Nos Services De Consultance"},"content":{"rendered":"<p>WISAU STRATEGIES se d\u00e9finit comme un pourvoyeur de solutions de financement adapt\u00e9es et d\u2019accompagnement sur mesure dans les domaines ci-apr\u00e8s:<\/p>\n<p>\u2022 Publications et communications;<br \/>\n\u2022 Analyses sectorielles et macro\u00e9conomiques;<br \/>\n\u2022 R\u00e9formes&nbsp;\u00e9conomiques et en performance institutionnelles ;<br \/>\n\u2022 Ing\u00e9nierie financi\u00e8re et \u00e9laboration de dossiers de financement;<br \/>\n\u2022 \u00c9tudes d\u2019impact environnemental et social;<br \/>\n\u2022 Strat\u00e9gies, organisation, gouvernance, planification, proc\u00e9dures, politiques;<br \/>\n\u2022 \u00c9valuation&nbsp;g\u00e9n\u00e9rale ou sp\u00e9cifique ;<br \/>\n\u2022 Accompagnement technique et suivi personnalis\u00e9;<br \/>\n\u2022 Formations et renforcement de capacit\u00e9s<br \/>\n\u2022 Repr\u00e9sentation, partenariat, lobbying&nbsp;et public affairs ;<br \/>\n\u2022 Recouvrement de cr\u00e9ances.<\/p>\n<p><b>NOTRE CLIENT\u00c8LE<\/b><br \/>\nNous collaborons avec une client\u00e8le cible vari\u00e9e, compos\u00e9e notamment&nbsp;de :<br \/>\n\u2022 Gouvernements nationaux et provinciaux,<br \/>\n\u2022 Institutions publiques sp\u00e9cialis\u00e9es ou non,<br \/>\n\u2022 Organismes internationaux ou nationaux,<br \/>\n\u2022 Entreprises publiques ou priv\u00e9es, petites, moyennes ou grandes, multinationales ou locales, en gestation ou d\u00e9j\u00e0 op\u00e9rationnelles,<br \/>\n\u2022 Banques et autres institutions de financement,<br \/>\n\u2022 Communaut\u00e9s.<\/p>\n","protected":false},"excerpt":{"rendered":"<p>WISAU STRATEGIES se d\u00e9finit comme un pourvoyeur de solutions de financement adapt\u00e9es et d\u2019accompagnement sur mesure dans les domaines ci-apr\u00e8s:<\/p>\n<p>\u2022 Publications et communications;<br \/>\n\u2022 Analyses sectorielles et macro\u00e9conomiques;<br \/>\n\u2022 R\u00e9formes&nbsp;\u00e9conomique&#8230;<\/p>\n","protected":false},"author":1,"featured_media":0,"parent":0,"menu_order":0,"comment_status":"closed","ping_status":"closed","template":"","meta":{"footnotes":""},"class_list":["post-10","page","type-page","status-publish","hentry"],"acf":[],"yoast_head":"<!-- This site is optimized with the Yoast SEO plugin v19.11 - https:\/\/yoast.com\/wordpress\/plugins\/seo\/ -->\n<title>Nos Services De Consultance - WISAU STRATEGIES SAS - unlocking people&#039;s wealth<\/title>\n<meta name=\"description\" content=\"Whatever the nature of your business concerns, please do feel free to contact us and, you are invited to visit our website regularly. WISAU STRATEGIES S.A.S\u2019s mission is to respond quickly to your expectations, considering the specificities of your respective sector business activities.\" \/>\n<meta name=\"robots\" content=\"index, follow, max-snippet:-1, max-image-preview:large, max-video-preview:-1\" \/>\n<link rel=\"canonical\" href=\"https:\/\/www.wisaustrategies.com\/en_US\/consulting-services\/\" \/>\n<meta property=\"og:locale\" content=\"en_US\" \/>\n<meta property=\"og:type\" content=\"article\" \/>\n<meta property=\"og:title\" content=\"Nos Services De Consultance - WISAU STRATEGIES SAS - unlocking people&#039;s wealth\" \/>\n<meta property=\"og:description\" content=\"Whatever the nature of your business concerns, please do feel free to contact us and, you are invited to visit our website regularly. WISAU STRATEGIES S.A.S\u2019s mission is to respond quickly to your expectations, considering the specificities of your respective sector business activities.\" \/>\n<meta property=\"og:url\" content=\"https:\/\/www.wisaustrategies.com\/en_US\/consulting-services\/\" \/>\n<meta property=\"og:site_name\" content=\"WISAU STRATEGIES SAS\" \/>\n<meta property=\"article:modified_time\" content=\"2022-11-25T04:14:05+00:00\" \/>\n<meta name=\"twitter:card\" content=\"summary_large_image\" \/>\n<meta name=\"twitter:label1\" content=\"Est. reading time\" \/>\n\t<meta name=\"twitter:data1\" content=\"1 minute\" \/>\n<script type=\"application\/ld+json\" class=\"yoast-schema-graph\">{\"@context\":\"https:\/\/schema.org\",\"@graph\":[{\"@type\":\"WebPage\",\"@id\":\"https:\/\/www.wisaustrategies.com\/en_US\/consulting-services\/\",\"url\":\"https:\/\/www.wisaustrategies.com\/en_US\/consulting-services\/\",\"name\":\"Nos Services De Consultance - WISAU STRATEGIES SAS - unlocking people&#039;s wealth\",\"isPartOf\":{\"@id\":\"https:\/\/www.wisaustrategies.com\/#website\"},\"datePublished\":\"2022-11-14T07:17:40+00:00\",\"dateModified\":\"2022-11-25T04:14:05+00:00\",\"description\":\"Whatever the nature of your business concerns, please do feel free to contact us and, you are invited to visit our website regularly. WISAU STRATEGIES S.A.S\u2019s mission is to respond quickly to your expectations, considering the specificities of your respective sector business activities.\",\"breadcrumb\":{\"@id\":\"https:\/\/www.wisaustrategies.com\/en_US\/consulting-services\/#breadcrumb\"},\"inLanguage\":\"en-US\",\"potentialAction\":[{\"@type\":\"ReadAction\",\"target\":[\"https:\/\/www.wisaustrategies.com\/en_US\/consulting-services\/\"]}]},{\"@type\":\"BreadcrumbList\",\"@id\":\"https:\/\/www.wisaustrategies.com\/en_US\/consulting-services\/#breadcrumb\",\"itemListElement\":[{\"@type\":\"ListItem\",\"position\":1,\"name\":\"Home\",\"item\":\"https:\/\/www.wisaustrategies.com\/en_US\/\"},{\"@type\":\"ListItem\",\"position\":2,\"name\":\"Our Consulting Services\"}]},{\"@type\":\"WebSite\",\"@id\":\"https:\/\/www.wisaustrategies.com\/#website\",\"url\":\"https:\/\/www.wisaustrategies.com\/\",\"name\":\"WISAU STRATEGIES SAS\",\"description\":\"unlocking people&#039;s wealth\",\"publisher\":{\"@id\":\"https:\/\/www.wisaustrategies.com\/#organization\"},\"potentialAction\":[{\"@type\":\"SearchAction\",\"target\":{\"@type\":\"EntryPoint\",\"urlTemplate\":\"https:\/\/www.wisaustrategies.com\/?s={search_term_string}\"},\"query-input\":\"required name=search_term_string\"}],\"inLanguage\":\"en-US\"},{\"@type\":\"Organization\",\"@id\":\"https:\/\/www.wisaustrategies.com\/#organization\",\"name\":\"WISAU STRATEGIES SAS\",\"url\":\"https:\/\/www.wisaustrategies.com\/\",\"logo\":{\"@type\":\"ImageObject\",\"inLanguage\":\"en-US\",\"@id\":\"https:\/\/www.wisaustrategies.com\/#\/schema\/logo\/image\/\",\"url\":\"https:\/\/www.wisaustrategies.com\/wp-content\/uploads\/2022\/11\/logo-1.png\",\"contentUrl\":\"https:\/\/www.wisaustrategies.com\/wp-content\/uploads\/2022\/11\/logo-1.png\",\"width\":241,\"height\":17,\"caption\":\"WISAU STRATEGIES SAS\"},\"image\":{\"@id\":\"https:\/\/www.wisaustrategies.com\/#\/schema\/logo\/image\/\"}}]}<\/script>\n<!-- \/ Yoast SEO plugin. -->","yoast_head_json":{"title":"Nos Services De Consultance - WISAU STRATEGIES SAS - unlocking people&#039;s wealth","description":"Whatever the nature of your business concerns, please do feel free to contact us and, you are invited to visit our website regularly. WISAU STRATEGIES S.A.S\u2019s mission is to respond quickly to your expectations, considering the specificities of your respective sector business activities.","robots":{"index":"index","follow":"follow","max-snippet":"max-snippet:-1","max-image-preview":"max-image-preview:large","max-video-preview":"max-video-preview:-1"},"canonical":"https:\/\/www.wisaustrategies.com\/en_US\/consulting-services\/","og_locale":"en_US","og_type":"article","og_title":"Nos Services De Consultance - WISAU STRATEGIES SAS - unlocking people&#039;s wealth","og_description":"Whatever the nature of your business concerns, please do feel free to contact us and, you are invited to visit our website regularly. WISAU STRATEGIES S.A.S\u2019s mission is to respond quickly to your expectations, considering the specificities of your respective sector business activities.","og_url":"https:\/\/www.wisaustrategies.com\/en_US\/consulting-services\/","og_site_name":"WISAU STRATEGIES SAS","article_modified_time":"2022-11-25T04:14:05+00:00","twitter_card":"summary_large_image","twitter_misc":{"Est. reading time":"1 minute"},"schema":{"@context":"https:\/\/schema.org","@graph":[{"@type":"WebPage","@id":"https:\/\/www.wisaustrategies.com\/en_US\/consulting-services\/","url":"https:\/\/www.wisaustrategies.com\/en_US\/consulting-services\/","name":"Nos Services De Consultance - WISAU STRATEGIES SAS - unlocking people&#039;s wealth","isPartOf":{"@id":"https:\/\/www.wisaustrategies.com\/#website"},"datePublished":"2022-11-14T07:17:40+00:00","dateModified":"2022-11-25T04:14:05+00:00","description":"Whatever the nature of your business concerns, please do feel free to contact us and, you are invited to visit our website regularly. WISAU STRATEGIES S.A.S\u2019s mission is to respond quickly to your expectations, considering the specificities of your respective sector business activities.","breadcrumb":{"@id":"https:\/\/www.wisaustrategies.com\/en_US\/consulting-services\/#breadcrumb"},"inLanguage":"en-US","potentialAction":[{"@type":"ReadAction","target":["https:\/\/www.wisaustrategies.com\/en_US\/consulting-services\/"]}]},{"@type":"BreadcrumbList","@id":"https:\/\/www.wisaustrategies.com\/en_US\/consulting-services\/#breadcrumb","itemListElement":[{"@type":"ListItem","position":1,"name":"Home","item":"https:\/\/www.wisaustrategies.com\/en_US\/"},{"@type":"ListItem","position":2,"name":"Our Consulting Services"}]},{"@type":"WebSite","@id":"https:\/\/www.wisaustrategies.com\/#website","url":"https:\/\/www.wisaustrategies.com\/","name":"WISAU STRATEGIES SAS","description":"unlocking people&#039;s wealth","publisher":{"@id":"https:\/\/www.wisaustrategies.com\/#organization"},"potentialAction":[{"@type":"SearchAction","target":{"@type":"EntryPoint","urlTemplate":"https:\/\/www.wisaustrategies.com\/?s={search_term_string}"},"query-input":"required name=search_term_string"}],"inLanguage":"en-US"},{"@type":"Organization","@id":"https:\/\/www.wisaustrategies.com\/#organization","name":"WISAU STRATEGIES SAS","url":"https:\/\/www.wisaustrategies.com\/","logo":{"@type":"ImageObject","inLanguage":"en-US","@id":"https:\/\/www.wisaustrategies.com\/#\/schema\/logo\/image\/","url":"https:\/\/www.wisaustrategies.com\/wp-content\/uploads\/2022\/11\/logo-1.png","contentUrl":"https:\/\/www.wisaustrategies.com\/wp-content\/uploads\/2022\/11\/logo-1.png","width":241,"height":17,"caption":"WISAU STRATEGIES SAS"},"image":{"@id":"https:\/\/www.wisaustrategies.com\/#\/schema\/logo\/image\/"}}]}},"_links":{"self":[{"href":"https:\/\/www.wisaustrategies.com\/fr_FR\/wp-json\/wp\/v2\/pages\/10","targetHints":{"allow":["GET"]}}],"collection":[{"href":"https:\/\/www.wisaustrategies.com\/fr_FR\/wp-json\/wp\/v2\/pages"}],"about":[{"href":"https:\/\/www.wisaustrategies.com\/fr_FR\/wp-json\/wp\/v2\/types\/page"}],"author":[{"embeddable":true,"href":"https:\/\/www.wisaustrategies.com\/fr_FR\/wp-json\/wp\/v2\/users\/1"}],"replies":[{"embeddable":true,"href":"https:\/\/www.wisaustrategies.com\/fr_FR\/wp-json\/wp\/v2\/comments?post=10"}],"version-history":[{"count":15,"href":"https:\/\/www.wisaustrategies.com\/fr_FR\/wp-json\/wp\/v2\/pages\/10\/revisions"}],"predecessor-version":[{"id":666,"href":"https:\/\/www.wisaustrategies.com\/fr_FR\/wp-json\/wp\/v2\/pages\/10\/revisions\/666"}],"wp:attachment":[{"href":"https:\/\/www.wisaustrategies.com\/fr_FR\/wp-json\/wp\/v2\/media?parent=10"}],"curies":[{"name":"wp","href":"https:\/\/api.w.org\/{rel}","templated":true}]}}