{"id":194,"date":"2022-11-18T05:28:21","date_gmt":"2022-11-18T05:28:21","guid":{"rendered":"https:\/\/www.wisaustrategies.com\/?page_id=194"},"modified":"2022-11-25T05:16:05","modified_gmt":"2022-11-25T05:16:05","slug":"dr-aubin-mabanza-nsemy","status":"publish","type":"page","link":"https:\/\/www.wisaustrategies.com\/en_US\/dr-aubin-mabanza-nsemy\/","title":{"rendered":"Dr.Aubin MABANZA N\u2019SEMY, PhD"},"content":{"rendered":"<div style=\"text-align:justify;\">\n<img decoding=\"async\" src=\"https:\/\/www.wisaustrategies.com\/wp-content\/uploads\/2022\/11\/Dr.-Aubin-MABANZA-NSEMY.jpg\" class=\"img-fluid border float-md-end ms-md-4 mb-4 w-50 img-thumbnail shadow\"\/><br \/>\n<strong>Dr. Aubin MABANZA N\u2019SEMY, PhD,<\/strong> Co-founder and Executive Director, Company Secretary in charge of Administration and Legal Affairs, Kinshasa &amp; London<\/p>\n<p><strong>ABOUT Dr. Aubin MABANZA N\u2019SEMY, PhD<\/strong><br \/>\nAn enthusiastic, multilingual Legal professional and academic with extensive international experience working in the Democratic Republic of Congo, Africa, EU and UK who enjoys being part of a successful and productive team. Quick to grasp new ideas and concepts, and to develop innovative and creative solutions to problems. Able to work well on his own initiative and to demonstrate the highest levels of motivation and organization required to meet tight deadlines. Possesses excellent interpersonal skills and can communicate concisely at all levels.<\/p>\n<p><strong>PAST EXPERIENCE<\/strong><br \/>\nAdministrator (part time), Citizen Advice Bureau, East Lo<br \/>\nVolunteer Advisor, IVB Group (Registered Charity), East London<br \/>\nContract Lawyer, Air Guin\u00e9e Express S.A., Conakry-Paris<br \/>\nAssistant Lawyer (Work Experience), Ewango &amp; Co Avocats, Paris, France<br \/>\nNight Team Leader, Pizza Hut SNC, Les Ulis, France<\/p>\n<p><strong>EXPERTISE<\/strong><br \/>\n&#8211; Foreign Lawyer, UK<br \/>\n&#8211; Legal Consultant for the World Bank and IFC (Doing Business Report)<br \/>\nBusiness Project in Democratic Republic of Congo;<br \/>\n&#8211; Registered Intellectual Property Agent for Democratic Republic of Congo<br \/>\n&#8211; Attorney-at-Law, Kinshasa-Matete Bar Association, DRC<br \/>\n&#8211; Independent Director of Access Bank DRC<\/p>\n<p><strong>EDUCATION QUALIFICATION<\/strong><br \/>\n<strong>PhD<\/strong> in Private Law, University of Bordeaux, France,<br \/>\n<strong>MA<\/strong> in Intellectual Property Law, WIPO Academy\/OAPI, CH-CMR,<br \/>\n<strong>LLM<\/strong> in Commercial Law, Cardiff Law School, University of Wales, UK,<br \/>\n<strong>BA (Ma\u00eetrise)<\/strong> in Business Law, University  of Paris 10-Nanterre, France,<br \/>\n<strong>BA (Ma\u00eetrise)<\/strong> in Political Science, University of Paris 10-Nanterre, France<\/p>\n<p><strong>ACADEMIC ACTIVITIES;<\/strong><br \/>\nAssociate Professor, University of Kwango, DRC<br \/>\nAssociate Researcher, COMPTRASEC, University of Bordeaux, France<br \/>\nAssociate Professor, William Booth University, Kinshasa, DRC;<br \/>\nLecturer in Law, University Bel Campus, Kinshasa, DRC<\/p>\n<p><strong>BOOKS PUBLISHED:<\/strong><br \/>\n&#8211; R\u00e9flexion sur les fonctions du juge en Afrique francophone, \u00e0 partir du contentieux des litiges individuels du travail. Approche compar\u00e9e: Cameroun, Guin\u00e9e, Mali, RDCongo, S\u00e9n\u00e9gal, ISBN:-13:978-620-3-42063 (Volume 1), ISBN-10: 6203420633 (volume 2), Les \u00e9ditions universitaires europ\u00e9ennes, July 2021,<br \/>\n&#8211; Les marques en Afrique francophone. Approche comparative et critique de la protection \u00e0 l\u2019OAPI et en R.D. Congo\u201d, ISBN: 978-2-343-08574-6, L\u2019Harmattan Paris April 2016;<br \/>\n&#8211; Droit Congolais, Africain et International du Travail\u201d<br \/>\nISBN: 978-2-296-09197-9. L\u2019Harmattan Paris September 2009.<\/p>\n<p><strong>ARTICLE PUBLISHED<\/strong><br \/>\n&#8211; \u201c Forecasts of the deployment of employment Courts in the Democratic Republic of Congo, (March 2022, COMPTRASEC, Bordeaux University Press),<br \/>\n&#8211; \u201cThe issue of the training of employment Inspector and the settlement of labour disputes in Democratic Republic of the Congo (Forthcoming, October 2023, COMPTRASEC, Bordeaux University Press)\u201d,<br \/>\n&#8211; &#8220;The Legal Aspects of doing business in Africa: DRC situation&#8221;,(June 2015);<br \/>\n&#8211; &#8220;The DRC joining the OHADA Treaty: Role of the UNIDA&#8220;, UIA and Senegal Bar Association, Dakar, February 2010 (Contributor);<br \/>\n&#8211; &#8221; The DRC joins the OHADA: End of the isolation of its business legal system&#8220;, International Bar Association (African Regional Forum), volume 4 number 2, Dec. 2010.<\/p>\n<p><strong>HONORS &amp; AWARDS<\/strong><br \/>\n&#8211; University of Bordeaux, Faculty of Law, PhD distinction with applauses of the Jury, and the   authorization to publish the Thesis without correction;<br \/>\n&#8211; World Intellectual Property Organization (WIPO) Academy Scholarship,<br \/>\n&#8211; University of Wales, Cardiff Law School Scholarship.<\/p>\n<\/div>\n","protected":false},"excerpt":{"rendered":"<div style=\"text-align:justify;\">\n<img decoding=\"async\" src=\"https:\/\/www.wisaustrategies.com\/wp-content\/uploads\/2022\/11\/Dr.-Aubin-MABANZA-NSEMY.jpg\" class=\"img-fluid border float-md-end ms-md-4 mb-4 w-50 img-thumbnail shadow\"><br \/>\n<strong>Dr. Aubin MABANZA N\u2019SEMY, PhD,<\/...\n<\/p>\n","protected":false},"author":1,"featured_media":0,"parent":0,"menu_order":0,"comment_status":"closed","ping_status":"closed","template":"","meta":{"footnotes":""},"class_list":["post-194","page","type-page","status-publish","hentry"],"acf":[],"yoast_head":"<!-- This site is optimized with the Yoast SEO plugin v19.11 - https:\/\/yoast.com\/wordpress\/plugins\/seo\/ -->\n<title>Dr. Aubin MABANZA N\u2019SEMY, PhD - WISAU STRATEGIES SAS - unlocking people&#039;s wealth<\/title>\n<meta name=\"description\" content=\"Whatever the nature of your business concerns, please do feel free to contact us and, you are invited to visit our website regularly. WISAU STRATEGIES S.A.S\u2019s mission is to respond quickly to your expectations, considering the specificities of your respective sector business activities.\" \/>\n<meta name=\"robots\" content=\"index, follow, max-snippet:-1, max-image-preview:large, max-video-preview:-1\" \/>\n<link rel=\"canonical\" href=\"https:\/\/www.wisaustrategies.com\/en_US\/dr-aubin-mabanza-nsemy\/\" \/>\n<meta property=\"og:locale\" content=\"en_US\" \/>\n<meta property=\"og:type\" content=\"article\" \/>\n<meta property=\"og:title\" content=\"Dr. Aubin MABANZA N\u2019SEMY, PhD - WISAU STRATEGIES SAS - unlocking people&#039;s wealth\" \/>\n<meta property=\"og:description\" content=\"Whatever the nature of your business concerns, please do feel free to contact us and, you are invited to visit our website regularly. WISAU STRATEGIES S.A.S\u2019s mission is to respond quickly to your expectations, considering the specificities of your respective sector business activities.\" \/>\n<meta property=\"og:url\" content=\"https:\/\/www.wisaustrategies.com\/en_US\/dr-aubin-mabanza-nsemy\/\" \/>\n<meta property=\"og:site_name\" content=\"WISAU STRATEGIES SAS\" \/>\n<meta property=\"article:modified_time\" content=\"2022-11-25T05:16:05+00:00\" \/>\n<meta property=\"og:image\" content=\"https:\/\/www.wisaustrategies.com\/wp-content\/uploads\/2022\/11\/Dr.-Aubin-MABANZA-NSEMY.jpg\" \/>\n<meta name=\"twitter:card\" content=\"summary_large_image\" \/>\n<meta name=\"twitter:label1\" content=\"Est. reading time\" \/>\n\t<meta name=\"twitter:data1\" content=\"3 minutes\" \/>\n<script type=\"application\/ld+json\" class=\"yoast-schema-graph\">{\"@context\":\"https:\/\/schema.org\",\"@graph\":[{\"@type\":\"WebPage\",\"@id\":\"https:\/\/www.wisaustrategies.com\/en_US\/dr-aubin-mabanza-nsemy\/\",\"url\":\"https:\/\/www.wisaustrategies.com\/en_US\/dr-aubin-mabanza-nsemy\/\",\"name\":\"Dr. Aubin MABANZA N\u2019SEMY, PhD - WISAU STRATEGIES SAS - unlocking people&#039;s wealth\",\"isPartOf\":{\"@id\":\"https:\/\/www.wisaustrategies.com\/#website\"},\"datePublished\":\"2022-11-18T05:28:21+00:00\",\"dateModified\":\"2022-11-25T05:16:05+00:00\",\"description\":\"Whatever the nature of your business concerns, please do feel free to contact us and, you are invited to visit our website regularly. WISAU STRATEGIES S.A.S\u2019s mission is to respond quickly to your expectations, considering the specificities of your respective sector business activities.\",\"breadcrumb\":{\"@id\":\"https:\/\/www.wisaustrategies.com\/en_US\/dr-aubin-mabanza-nsemy\/#breadcrumb\"},\"inLanguage\":\"en-US\",\"potentialAction\":[{\"@type\":\"ReadAction\",\"target\":[\"https:\/\/www.wisaustrategies.com\/en_US\/dr-aubin-mabanza-nsemy\/\"]}]},{\"@type\":\"BreadcrumbList\",\"@id\":\"https:\/\/www.wisaustrategies.com\/en_US\/dr-aubin-mabanza-nsemy\/#breadcrumb\",\"itemListElement\":[{\"@type\":\"ListItem\",\"position\":1,\"name\":\"Home\",\"item\":\"https:\/\/www.wisaustrategies.com\/en_US\/\"},{\"@type\":\"ListItem\",\"position\":2,\"name\":\"Dr.Aubin MABANZA N\u2019SEMY, PhD\"}]},{\"@type\":\"WebSite\",\"@id\":\"https:\/\/www.wisaustrategies.com\/#website\",\"url\":\"https:\/\/www.wisaustrategies.com\/\",\"name\":\"WISAU STRATEGIES SAS\",\"description\":\"unlocking people&#039;s wealth\",\"publisher\":{\"@id\":\"https:\/\/www.wisaustrategies.com\/#organization\"},\"potentialAction\":[{\"@type\":\"SearchAction\",\"target\":{\"@type\":\"EntryPoint\",\"urlTemplate\":\"https:\/\/www.wisaustrategies.com\/?s={search_term_string}\"},\"query-input\":\"required name=search_term_string\"}],\"inLanguage\":\"en-US\"},{\"@type\":\"Organization\",\"@id\":\"https:\/\/www.wisaustrategies.com\/#organization\",\"name\":\"WISAU STRATEGIES SAS\",\"url\":\"https:\/\/www.wisaustrategies.com\/\",\"logo\":{\"@type\":\"ImageObject\",\"inLanguage\":\"en-US\",\"@id\":\"https:\/\/www.wisaustrategies.com\/#\/schema\/logo\/image\/\",\"url\":\"https:\/\/www.wisaustrategies.com\/wp-content\/uploads\/2022\/11\/logo-1.png\",\"contentUrl\":\"https:\/\/www.wisaustrategies.com\/wp-content\/uploads\/2022\/11\/logo-1.png\",\"width\":241,\"height\":17,\"caption\":\"WISAU STRATEGIES SAS\"},\"image\":{\"@id\":\"https:\/\/www.wisaustrategies.com\/#\/schema\/logo\/image\/\"}}]}<\/script>\n<!-- \/ Yoast SEO plugin. -->","yoast_head_json":{"title":"Dr. Aubin MABANZA N\u2019SEMY, PhD - WISAU STRATEGIES SAS - unlocking people&#039;s wealth","description":"Whatever the nature of your business concerns, please do feel free to contact us and, you are invited to visit our website regularly. WISAU STRATEGIES S.A.S\u2019s mission is to respond quickly to your expectations, considering the specificities of your respective sector business activities.","robots":{"index":"index","follow":"follow","max-snippet":"max-snippet:-1","max-image-preview":"max-image-preview:large","max-video-preview":"max-video-preview:-1"},"canonical":"https:\/\/www.wisaustrategies.com\/en_US\/dr-aubin-mabanza-nsemy\/","og_locale":"en_US","og_type":"article","og_title":"Dr. Aubin MABANZA N\u2019SEMY, PhD - WISAU STRATEGIES SAS - unlocking people&#039;s wealth","og_description":"Whatever the nature of your business concerns, please do feel free to contact us and, you are invited to visit our website regularly. WISAU STRATEGIES S.A.S\u2019s mission is to respond quickly to your expectations, considering the specificities of your respective sector business activities.","og_url":"https:\/\/www.wisaustrategies.com\/en_US\/dr-aubin-mabanza-nsemy\/","og_site_name":"WISAU STRATEGIES SAS","article_modified_time":"2022-11-25T05:16:05+00:00","og_image":[{"url":"https:\/\/www.wisaustrategies.com\/wp-content\/uploads\/2022\/11\/Dr.-Aubin-MABANZA-NSEMY.jpg"}],"twitter_card":"summary_large_image","twitter_misc":{"Est. reading time":"3 minutes"},"schema":{"@context":"https:\/\/schema.org","@graph":[{"@type":"WebPage","@id":"https:\/\/www.wisaustrategies.com\/en_US\/dr-aubin-mabanza-nsemy\/","url":"https:\/\/www.wisaustrategies.com\/en_US\/dr-aubin-mabanza-nsemy\/","name":"Dr. Aubin MABANZA N\u2019SEMY, PhD - WISAU STRATEGIES SAS - unlocking people&#039;s wealth","isPartOf":{"@id":"https:\/\/www.wisaustrategies.com\/#website"},"datePublished":"2022-11-18T05:28:21+00:00","dateModified":"2022-11-25T05:16:05+00:00","description":"Whatever the nature of your business concerns, please do feel free to contact us and, you are invited to visit our website regularly. WISAU STRATEGIES S.A.S\u2019s mission is to respond quickly to your expectations, considering the specificities of your respective sector business activities.","breadcrumb":{"@id":"https:\/\/www.wisaustrategies.com\/en_US\/dr-aubin-mabanza-nsemy\/#breadcrumb"},"inLanguage":"en-US","potentialAction":[{"@type":"ReadAction","target":["https:\/\/www.wisaustrategies.com\/en_US\/dr-aubin-mabanza-nsemy\/"]}]},{"@type":"BreadcrumbList","@id":"https:\/\/www.wisaustrategies.com\/en_US\/dr-aubin-mabanza-nsemy\/#breadcrumb","itemListElement":[{"@type":"ListItem","position":1,"name":"Home","item":"https:\/\/www.wisaustrategies.com\/en_US\/"},{"@type":"ListItem","position":2,"name":"Dr.Aubin MABANZA N\u2019SEMY, PhD"}]},{"@type":"WebSite","@id":"https:\/\/www.wisaustrategies.com\/#website","url":"https:\/\/www.wisaustrategies.com\/","name":"WISAU STRATEGIES SAS","description":"unlocking people&#039;s wealth","publisher":{"@id":"https:\/\/www.wisaustrategies.com\/#organization"},"potentialAction":[{"@type":"SearchAction","target":{"@type":"EntryPoint","urlTemplate":"https:\/\/www.wisaustrategies.com\/?s={search_term_string}"},"query-input":"required name=search_term_string"}],"inLanguage":"en-US"},{"@type":"Organization","@id":"https:\/\/www.wisaustrategies.com\/#organization","name":"WISAU STRATEGIES SAS","url":"https:\/\/www.wisaustrategies.com\/","logo":{"@type":"ImageObject","inLanguage":"en-US","@id":"https:\/\/www.wisaustrategies.com\/#\/schema\/logo\/image\/","url":"https:\/\/www.wisaustrategies.com\/wp-content\/uploads\/2022\/11\/logo-1.png","contentUrl":"https:\/\/www.wisaustrategies.com\/wp-content\/uploads\/2022\/11\/logo-1.png","width":241,"height":17,"caption":"WISAU STRATEGIES SAS"},"image":{"@id":"https:\/\/www.wisaustrategies.com\/#\/schema\/logo\/image\/"}}]}},"_links":{"self":[{"href":"https:\/\/www.wisaustrategies.com\/en_US\/wp-json\/wp\/v2\/pages\/194","targetHints":{"allow":["GET"]}}],"collection":[{"href":"https:\/\/www.wisaustrategies.com\/en_US\/wp-json\/wp\/v2\/pages"}],"about":[{"href":"https:\/\/www.wisaustrategies.com\/en_US\/wp-json\/wp\/v2\/types\/page"}],"author":[{"embeddable":true,"href":"https:\/\/www.wisaustrategies.com\/en_US\/wp-json\/wp\/v2\/users\/1"}],"replies":[{"embeddable":true,"href":"https:\/\/www.wisaustrategies.com\/en_US\/wp-json\/wp\/v2\/comments?post=194"}],"version-history":[{"count":31,"href":"https:\/\/www.wisaustrategies.com\/en_US\/wp-json\/wp\/v2\/pages\/194\/revisions"}],"predecessor-version":[{"id":709,"href":"https:\/\/www.wisaustrategies.com\/en_US\/wp-json\/wp\/v2\/pages\/194\/revisions\/709"}],"wp:attachment":[{"href":"https:\/\/www.wisaustrategies.com\/en_US\/wp-json\/wp\/v2\/media?parent=194"}],"curies":[{"name":"wp","href":"https:\/\/api.w.org\/{rel}","templated":true}]}}